{"id":765,"date":"2016-08-18T11:35:40","date_gmt":"2016-08-18T09:35:40","guid":{"rendered":"http:\/\/www.allgaiabua.de\/kjp\/?page_id=765"},"modified":"2018-11-30T12:09:36","modified_gmt":"2018-11-30T10:09:36","slug":"gruppentherapie","status":"publish","type":"page","link":"https:\/\/www.allgaiabua.de\/kjp\/therapie\/gruppentherapie\/","title":{"rendered":"Gruppentherapie"},"content":{"rendered":"<div class=\"wpb-content-wrapper\"><p>[vc_row][vc_column][vc_column_text]Nach einer <a href=\"..\/einzeltherapie\/\">Einzeltherapie<\/a> kann in individueller Abstimmung zwischen unseren \u00c4rzten und Therapeuten, dem Patienten und den Erziehungsberechtigten die Teilnahme an einer Gruppentherapie sinnvoll erscheinen. Sie erm\u00f6glicht im Gegensatz zur <a href=\"..\/einzeltherapie\/\">Einzeltherapie<\/a> die Umsetzung und das Ein\u00fcben von Verhaltensstrategien in Gruppensituationen und damit eine erleichterte Integration in den Lebensalltag.<\/p>\n<p>Das freie Spiel mit kreativen Inhalten ist in der Gruppentherapie von gro\u00dfer Bedeutung. In der Auseinandersetzung mit anderen Kindern und Jugendlichen k\u00f6nnen Themen gesehen, dargestellt und reflektiert werden. L\u00f6sungsm\u00f6glichkeiten werden erarbeitet und einge\u00fcbt.<\/p>\n<p>Es gibt verschiedene Schwerpunkte in der Gruppentherapie. Die Gruppen werden danach eingeteilt. Jedoch gehen die Schwerpunkte nach den individuellen Bed\u00fcrfnissen der jeweiligen Gruppe oft ineinander \u00fcber oder ver\u00e4ndern sich.<\/p>\n<p>Alle Gruppen werden von einer Theatertherapeutin und einer Kinder- und Jugendpsychologin angeleitet.[\/vc_column_text][vc_column_text]<\/p>\n<h2>Schwerpunkte der Gruppentherapie<\/h2>\n<p><img decoding=\"async\" class=\"alignnone size-full wp-image-1290\" src=\"https:\/\/www.allgaiabua.de\/kjp\/wp-content\/uploads\/2018\/02\/logo-schmetterling.gif\" alt=\"\" \/> Individuelle Konzentrationsf\u00f6rderung<br \/>\n<img decoding=\"async\" class=\"alignnone size-full wp-image-1290\" src=\"https:\/\/www.allgaiabua.de\/kjp\/wp-content\/uploads\/2018\/02\/logo-schmetterling.gif\" alt=\"\" \/> St\u00e4rkung der Sozialen Kompetenz und des Selbstwertes &#8211; Ressourcenarbeit<br \/>\n<img decoding=\"async\" class=\"alignnone size-full wp-image-1290\" src=\"https:\/\/www.allgaiabua.de\/kjp\/wp-content\/uploads\/2018\/02\/logo-schmetterling.gif\" alt=\"\" \/> Verhaltensanalyse und Verhaltensmodifikation[\/vc_column_text][vc_column_text]<\/p>\n<h3>Individuelle Konzentrationsf\u00f6rderung<\/h3>\n<p>Konzentration ist die F\u00e4higkeit, die ungeteilte Aufmerksamkeit auf eine bestimmte Sache auszurichten. Die Konzentrationsf\u00e4higkeit ist auch abh\u00e4ngig von der Situation, der Befindlichkeit und vom Umfeld mit den vielf\u00e4ltigen inneren und \u00e4u\u00dferen Ablenkungen. Mit theatertherapeutischen Inhalten, Spielen und Bewegung k\u00f6nnen die Kinder und Jugendlichen lernen, sich auf eine Sache oder Rolle zu konzentrieren, Ablenkung auszuschalten und Verhalten in spielerischer Weise einzu\u00fcben. Entspannungs\u00fcbungen unterst\u00fctzen die jeweiligen Therapieeinheiten.[\/vc_column_text][vc_column_text]<\/p>\n<h3>St\u00e4rkung der Sozialen Kompetenz und des Selbstwertes &#8211; Ressourcenarbeit<\/h3>\n<p>Durch Rollenspiele, kreative Gestaltung und die Arbeit an Grenzen k\u00f6nnen Alltagssituationen erarbeitet werden. Ressourcen werden erkannt und gest\u00e4rkt, L\u00f6sungsm\u00f6glichkeiten k\u00f6nnen gefunden werden. So k\u00f6nnen Kinder, die sich zur\u00fcckziehen, Probleme haben in Kontakt zu gehen, aber auch Kinder, die die Sensibilit\u00e4t f\u00fcr die Gef\u00fchle anderer nicht erkennen, lernen sich auszudr\u00fccken. Durch theatertherapeutische Inhalte d\u00fcrfen sie sich darstellen, sich etwas zutrauen und Grenzen setzen oder die anderer akzeptieren.[\/vc_column_text][vc_column_text]<\/p>\n<h3>Verhaltensanalyse und Verhaltensmodifikation<\/h3>\n<p>Manchmal ist das Verhalten von Kinder und Jugendlichen von Reizbarkeit, Ablehnung, Opposition und Aggression gepr\u00e4gt. Es fehlt scheinbar das Bewusstsein von Unrecht. Es f\u00e4llt ihnen schwer, Grenzen vom Gegen\u00fcber zu erkennen und einzuhalten. Abh\u00e4ngig von der jeweiligen Situation kommen unterschiedliche L\u00f6sungsans\u00e4tze in Frage. Systemisches Darstellen mit theatertherapeutischen Inhalten, Ein\u00fcben neuer Verhaltensweisen und Reflexion durch Videoanalyse.[\/vc_column_text][vc_empty_space height=&#8220;30px&#8220;][\/vc_column][\/vc_row]<\/p>\n<\/div>","protected":false},"excerpt":{"rendered":"<p>[vc_row][vc_column][vc_column_text]Nach einer Einzeltherapie kann in individueller Abstimmung zwischen unseren \u00c4rzten und Therapeuten, dem Patienten und den Erziehungsberechtigten die Teilnahme an einer Gruppentherapie sinnvoll erscheinen. Sie erm\u00f6glicht im Gegensatz zur Einzeltherapie<span class=\"excerpt-hellip\"> [\u2026]<\/span><\/p>\n","protected":false},"author":3,"featured_media":0,"parent":27,"menu_order":0,"comment_status":"closed","ping_status":"closed","template":"","meta":{"footnotes":""},"class_list":["post-765","page","type-page","status-publish","hentry"],"yoast_head":"<!-- This site is optimized with the Yoast SEO plugin v27.5 - https:\/\/yoast.com\/product\/yoast-seo-wordpress\/ -->\n<title>Gruppentherapie - KJP Oberallg\u00e4u<\/title>\n<meta name=\"robots\" content=\"noindex, follow, max-snippet:-1, max-image-preview:large, max-video-preview:-1\" \/>\n<meta property=\"og:locale\" content=\"de_DE\" \/>\n<meta property=\"og:type\" content=\"article\" \/>\n<meta property=\"og:title\" content=\"Gruppentherapie - KJP Oberallg\u00e4u\" \/>\n<meta property=\"og:description\" content=\"[vc_row][vc_column][vc_column_text]Nach einer Einzeltherapie kann in individueller Abstimmung zwischen unseren \u00c4rzten und Therapeuten, dem Patienten und den Erziehungsberechtigten die Teilnahme an einer Gruppentherapie sinnvoll erscheinen. Sie erm\u00f6glicht im Gegensatz zur Einzeltherapie [\u2026]\" \/>\n<meta property=\"og:url\" content=\"https:\/\/www.allgaiabua.de\/kjp\/therapie\/gruppentherapie\/\" \/>\n<meta property=\"og:site_name\" content=\"KJP Oberallg\u00e4u\" \/>\n<meta property=\"article:modified_time\" content=\"2018-11-30T10:09:36+00:00\" \/>\n<meta property=\"og:image\" content=\"https:\/\/www.allgaiabua.de\/kjp\/wp-content\/uploads\/2018\/02\/logo-schmetterling.gif\" \/>\n<meta name=\"twitter:card\" content=\"summary_large_image\" \/>\n<meta name=\"twitter:label1\" content=\"Gesch\u00e4tzte Lesezeit\" \/>\n\t<meta name=\"twitter:data1\" content=\"2\u00a0Minuten\" \/>\n<script type=\"application\/ld+json\" class=\"yoast-schema-graph\">{\"@context\":\"https:\\\/\\\/schema.org\",\"@graph\":[{\"@type\":\"WebPage\",\"@id\":\"https:\\\/\\\/www.allgaiabua.de\\\/kjp\\\/therapie\\\/gruppentherapie\\\/\",\"url\":\"https:\\\/\\\/www.allgaiabua.de\\\/kjp\\\/therapie\\\/gruppentherapie\\\/\",\"name\":\"Gruppentherapie - KJP Oberallg\u00e4u\",\"isPartOf\":{\"@id\":\"https:\\\/\\\/www.allgaiabua.de\\\/kjp\\\/#website\"},\"primaryImageOfPage\":{\"@id\":\"https:\\\/\\\/www.allgaiabua.de\\\/kjp\\\/therapie\\\/gruppentherapie\\\/#primaryimage\"},\"image\":{\"@id\":\"https:\\\/\\\/www.allgaiabua.de\\\/kjp\\\/therapie\\\/gruppentherapie\\\/#primaryimage\"},\"thumbnailUrl\":\"https:\\\/\\\/www.allgaiabua.de\\\/kjp\\\/wp-content\\\/uploads\\\/2018\\\/02\\\/logo-schmetterling.gif\",\"datePublished\":\"2016-08-18T09:35:40+00:00\",\"dateModified\":\"2018-11-30T10:09:36+00:00\",\"breadcrumb\":{\"@id\":\"https:\\\/\\\/www.allgaiabua.de\\\/kjp\\\/therapie\\\/gruppentherapie\\\/#breadcrumb\"},\"inLanguage\":\"de\",\"potentialAction\":[{\"@type\":\"ReadAction\",\"target\":[\"https:\\\/\\\/www.allgaiabua.de\\\/kjp\\\/therapie\\\/gruppentherapie\\\/\"]}]},{\"@type\":\"ImageObject\",\"inLanguage\":\"de\",\"@id\":\"https:\\\/\\\/www.allgaiabua.de\\\/kjp\\\/therapie\\\/gruppentherapie\\\/#primaryimage\",\"url\":\"https:\\\/\\\/www.allgaiabua.de\\\/kjp\\\/wp-content\\\/uploads\\\/2018\\\/02\\\/logo-schmetterling.gif\",\"contentUrl\":\"https:\\\/\\\/www.allgaiabua.de\\\/kjp\\\/wp-content\\\/uploads\\\/2018\\\/02\\\/logo-schmetterling.gif\",\"width\":16,\"height\":16},{\"@type\":\"BreadcrumbList\",\"@id\":\"https:\\\/\\\/www.allgaiabua.de\\\/kjp\\\/therapie\\\/gruppentherapie\\\/#breadcrumb\",\"itemListElement\":[{\"@type\":\"ListItem\",\"position\":1,\"name\":\"Startseite\",\"item\":\"https:\\\/\\\/www.allgaiabua.de\\\/kjp\\\/\"},{\"@type\":\"ListItem\",\"position\":2,\"name\":\"Therapie\",\"item\":\"https:\\\/\\\/www.allgaiabua.de\\\/kjp\\\/therapie\\\/\"},{\"@type\":\"ListItem\",\"position\":3,\"name\":\"Gruppentherapie\"}]},{\"@type\":\"WebSite\",\"@id\":\"https:\\\/\\\/www.allgaiabua.de\\\/kjp\\\/#website\",\"url\":\"https:\\\/\\\/www.allgaiabua.de\\\/kjp\\\/\",\"name\":\"KJP Oberallg\u00e4u\",\"description\":\"Gemeinschaftspraxis f\u00fcr Kinder- und Jugendpsychiatrie und -psychotherapie Dr. B. Graf | J. Reinlein\",\"potentialAction\":[{\"@type\":\"SearchAction\",\"target\":{\"@type\":\"EntryPoint\",\"urlTemplate\":\"https:\\\/\\\/www.allgaiabua.de\\\/kjp\\\/?s={search_term_string}\"},\"query-input\":{\"@type\":\"PropertyValueSpecification\",\"valueRequired\":true,\"valueName\":\"search_term_string\"}}],\"inLanguage\":\"de\"}]}<\/script>\n<!-- \/ Yoast SEO plugin. -->","yoast_head_json":{"title":"Gruppentherapie - KJP Oberallg\u00e4u","robots":{"index":"noindex","follow":"follow","max-snippet":"max-snippet:-1","max-image-preview":"max-image-preview:large","max-video-preview":"max-video-preview:-1"},"og_locale":"de_DE","og_type":"article","og_title":"Gruppentherapie - KJP Oberallg\u00e4u","og_description":"[vc_row][vc_column][vc_column_text]Nach einer Einzeltherapie kann in individueller Abstimmung zwischen unseren \u00c4rzten und Therapeuten, dem Patienten und den Erziehungsberechtigten die Teilnahme an einer Gruppentherapie sinnvoll erscheinen. Sie erm\u00f6glicht im Gegensatz zur Einzeltherapie [\u2026]","og_url":"https:\/\/www.allgaiabua.de\/kjp\/therapie\/gruppentherapie\/","og_site_name":"KJP Oberallg\u00e4u","article_modified_time":"2018-11-30T10:09:36+00:00","og_image":[{"url":"https:\/\/www.allgaiabua.de\/kjp\/wp-content\/uploads\/2018\/02\/logo-schmetterling.gif","type":"","width":"","height":""}],"twitter_card":"summary_large_image","twitter_misc":{"Gesch\u00e4tzte Lesezeit":"2\u00a0Minuten"},"schema":{"@context":"https:\/\/schema.org","@graph":[{"@type":"WebPage","@id":"https:\/\/www.allgaiabua.de\/kjp\/therapie\/gruppentherapie\/","url":"https:\/\/www.allgaiabua.de\/kjp\/therapie\/gruppentherapie\/","name":"Gruppentherapie - KJP Oberallg\u00e4u","isPartOf":{"@id":"https:\/\/www.allgaiabua.de\/kjp\/#website"},"primaryImageOfPage":{"@id":"https:\/\/www.allgaiabua.de\/kjp\/therapie\/gruppentherapie\/#primaryimage"},"image":{"@id":"https:\/\/www.allgaiabua.de\/kjp\/therapie\/gruppentherapie\/#primaryimage"},"thumbnailUrl":"https:\/\/www.allgaiabua.de\/kjp\/wp-content\/uploads\/2018\/02\/logo-schmetterling.gif","datePublished":"2016-08-18T09:35:40+00:00","dateModified":"2018-11-30T10:09:36+00:00","breadcrumb":{"@id":"https:\/\/www.allgaiabua.de\/kjp\/therapie\/gruppentherapie\/#breadcrumb"},"inLanguage":"de","potentialAction":[{"@type":"ReadAction","target":["https:\/\/www.allgaiabua.de\/kjp\/therapie\/gruppentherapie\/"]}]},{"@type":"ImageObject","inLanguage":"de","@id":"https:\/\/www.allgaiabua.de\/kjp\/therapie\/gruppentherapie\/#primaryimage","url":"https:\/\/www.allgaiabua.de\/kjp\/wp-content\/uploads\/2018\/02\/logo-schmetterling.gif","contentUrl":"https:\/\/www.allgaiabua.de\/kjp\/wp-content\/uploads\/2018\/02\/logo-schmetterling.gif","width":16,"height":16},{"@type":"BreadcrumbList","@id":"https:\/\/www.allgaiabua.de\/kjp\/therapie\/gruppentherapie\/#breadcrumb","itemListElement":[{"@type":"ListItem","position":1,"name":"Startseite","item":"https:\/\/www.allgaiabua.de\/kjp\/"},{"@type":"ListItem","position":2,"name":"Therapie","item":"https:\/\/www.allgaiabua.de\/kjp\/therapie\/"},{"@type":"ListItem","position":3,"name":"Gruppentherapie"}]},{"@type":"WebSite","@id":"https:\/\/www.allgaiabua.de\/kjp\/#website","url":"https:\/\/www.allgaiabua.de\/kjp\/","name":"KJP Oberallg\u00e4u","description":"Gemeinschaftspraxis f\u00fcr Kinder- und Jugendpsychiatrie und -psychotherapie Dr. B. Graf | J. Reinlein","potentialAction":[{"@type":"SearchAction","target":{"@type":"EntryPoint","urlTemplate":"https:\/\/www.allgaiabua.de\/kjp\/?s={search_term_string}"},"query-input":{"@type":"PropertyValueSpecification","valueRequired":true,"valueName":"search_term_string"}}],"inLanguage":"de"}]}},"_links":{"self":[{"href":"https:\/\/www.allgaiabua.de\/kjp\/wp-json\/wp\/v2\/pages\/765","targetHints":{"allow":["GET"]}}],"collection":[{"href":"https:\/\/www.allgaiabua.de\/kjp\/wp-json\/wp\/v2\/pages"}],"about":[{"href":"https:\/\/www.allgaiabua.de\/kjp\/wp-json\/wp\/v2\/types\/page"}],"author":[{"embeddable":true,"href":"https:\/\/www.allgaiabua.de\/kjp\/wp-json\/wp\/v2\/users\/3"}],"replies":[{"embeddable":true,"href":"https:\/\/www.allgaiabua.de\/kjp\/wp-json\/wp\/v2\/comments?post=765"}],"version-history":[{"count":0,"href":"https:\/\/www.allgaiabua.de\/kjp\/wp-json\/wp\/v2\/pages\/765\/revisions"}],"up":[{"embeddable":true,"href":"https:\/\/www.allgaiabua.de\/kjp\/wp-json\/wp\/v2\/pages\/27"}],"wp:attachment":[{"href":"https:\/\/www.allgaiabua.de\/kjp\/wp-json\/wp\/v2\/media?parent=765"}],"curies":[{"name":"wp","href":"https:\/\/api.w.org\/{rel}","templated":true}]}}