{"id":763,"date":"2016-08-18T11:34:52","date_gmt":"2016-08-18T09:34:52","guid":{"rendered":"http:\/\/www.allgaiabua.de\/kjp\/?page_id=763"},"modified":"2018-02-19T12:15:08","modified_gmt":"2018-02-19T10:15:08","slug":"familientherapie","status":"publish","type":"page","link":"https:\/\/www.allgaiabua.de\/kjp\/therapie\/familientherapie\/","title":{"rendered":"Familientherapie"},"content":{"rendered":"<div class=\"wpb-content-wrapper\"><p>[vc_row][vc_column css=&#8220;.vc_custom_1506330665620{margin-bottom: 30px !important;}&#8220;][vc_column_text]H\u00e4ufig k\u00f6nnen Probleme bei Kindern oder Jugendlichen nicht au\u00dferhalb des famili\u00e4ren Rahmens betrachtet werden. Das Kind bzw. der Jugendliche ist Teil des Systems Familie, die Beziehungsgestaltung inner- und au\u00dferhalb der Familie hat ma\u00dfgeblichen Einfluss auf das Wohl aller Beteiligten. Unsere <strong>familientherapeutischen Gespr\u00e4che<\/strong> oder <strong>langfristigen Familientherapien<\/strong> f\u00fchren oftmals positive Ver\u00e4nderungen herbei. Wir bieten z.B. auch <strong>systemische Familienaufstellungen<\/strong> oder die Arbeit mit dem <strong>Genogramm<\/strong> (Familienstammbaum) als hilfreiche Techniken an.<\/p>\n<p><strong>Paargespr\u00e4che<\/strong> k\u00f6nnen bei Paarkonflikten, bei L\u00f6sungssuchenden und bei sich trennenden Paaren sehr unterst\u00fctzend sein. Auch das Befinden der Kinder oder Jugendlichen verbessert sich deutlich, wenn es den Eltern gelingt eigene biographische Fragen oder Paarprobleme ernst zu nehmen. Wir beraten und behandeln alle Paare, die ihre Beziehung besser verstehen und hinterfragen wollen, unabh\u00e4ngig vom Familienstand.<\/p>\n<p>Sowohl psychodynamisches (analytisches) als auch systemisches Verstehen und L\u00f6sen von Problemen werden in der durch uns durchgef\u00fchrten Paar- und Familientherapie integrativ zum Einsatz gebracht.[\/vc_column_text][\/vc_column][\/vc_row][vc_row full_width=&#8220;stretch_row_content_no_spaces&#8220;][vc_column][vc_single_image image=&#8220;1240&#8243; img_size=&#8220;full&#8220;][\/vc_column][\/vc_row]<\/p>\n<\/div>","protected":false},"excerpt":{"rendered":"<p>[vc_row][vc_column css=&#8220;.vc_custom_1506330665620{margin-bottom: 30px !important;}&#8220;][vc_column_text]H\u00e4ufig k\u00f6nnen Probleme bei Kindern oder Jugendlichen nicht au\u00dferhalb des famili\u00e4ren Rahmens betrachtet werden. Das Kind bzw. der Jugendliche ist Teil des Systems Familie, die Beziehungsgestaltung inner-<span class=\"excerpt-hellip\"> [\u2026]<\/span><\/p>\n","protected":false},"author":3,"featured_media":0,"parent":27,"menu_order":0,"comment_status":"closed","ping_status":"closed","template":"","meta":{"footnotes":""},"class_list":["post-763","page","type-page","status-publish","hentry"],"yoast_head":"<!-- This site is optimized with the Yoast SEO plugin v27.5 - https:\/\/yoast.com\/product\/yoast-seo-wordpress\/ -->\n<title>Familientherapie - KJP Oberallg\u00e4u<\/title>\n<meta name=\"robots\" content=\"noindex, follow, max-snippet:-1, max-image-preview:large, max-video-preview:-1\" \/>\n<meta property=\"og:locale\" content=\"de_DE\" \/>\n<meta property=\"og:type\" content=\"article\" \/>\n<meta property=\"og:title\" content=\"Familientherapie - KJP Oberallg\u00e4u\" \/>\n<meta property=\"og:description\" content=\"[vc_row][vc_column css=&#8220;.vc_custom_1506330665620{margin-bottom: 30px !important;}&#8220;][vc_column_text]H\u00e4ufig k\u00f6nnen Probleme bei Kindern oder Jugendlichen nicht au\u00dferhalb des famili\u00e4ren Rahmens betrachtet werden. Das Kind bzw. der Jugendliche ist Teil des Systems Familie, die Beziehungsgestaltung inner- [\u2026]\" \/>\n<meta property=\"og:url\" content=\"https:\/\/www.allgaiabua.de\/kjp\/therapie\/familientherapie\/\" \/>\n<meta property=\"og:site_name\" content=\"KJP Oberallg\u00e4u\" \/>\n<meta property=\"article:modified_time\" content=\"2018-02-19T10:15:08+00:00\" \/>\n<meta name=\"twitter:card\" content=\"summary_large_image\" \/>\n<meta name=\"twitter:label1\" content=\"Gesch\u00e4tzte Lesezeit\" \/>\n\t<meta name=\"twitter:data1\" content=\"1\u00a0Minute\" \/>\n<script type=\"application\/ld+json\" class=\"yoast-schema-graph\">{\"@context\":\"https:\\\/\\\/schema.org\",\"@graph\":[{\"@type\":\"WebPage\",\"@id\":\"https:\\\/\\\/www.allgaiabua.de\\\/kjp\\\/therapie\\\/familientherapie\\\/\",\"url\":\"https:\\\/\\\/www.allgaiabua.de\\\/kjp\\\/therapie\\\/familientherapie\\\/\",\"name\":\"Familientherapie - KJP Oberallg\u00e4u\",\"isPartOf\":{\"@id\":\"https:\\\/\\\/www.allgaiabua.de\\\/kjp\\\/#website\"},\"datePublished\":\"2016-08-18T09:34:52+00:00\",\"dateModified\":\"2018-02-19T10:15:08+00:00\",\"breadcrumb\":{\"@id\":\"https:\\\/\\\/www.allgaiabua.de\\\/kjp\\\/therapie\\\/familientherapie\\\/#breadcrumb\"},\"inLanguage\":\"de\",\"potentialAction\":[{\"@type\":\"ReadAction\",\"target\":[\"https:\\\/\\\/www.allgaiabua.de\\\/kjp\\\/therapie\\\/familientherapie\\\/\"]}]},{\"@type\":\"BreadcrumbList\",\"@id\":\"https:\\\/\\\/www.allgaiabua.de\\\/kjp\\\/therapie\\\/familientherapie\\\/#breadcrumb\",\"itemListElement\":[{\"@type\":\"ListItem\",\"position\":1,\"name\":\"Startseite\",\"item\":\"https:\\\/\\\/www.allgaiabua.de\\\/kjp\\\/\"},{\"@type\":\"ListItem\",\"position\":2,\"name\":\"Therapie\",\"item\":\"https:\\\/\\\/www.allgaiabua.de\\\/kjp\\\/therapie\\\/\"},{\"@type\":\"ListItem\",\"position\":3,\"name\":\"Familientherapie\"}]},{\"@type\":\"WebSite\",\"@id\":\"https:\\\/\\\/www.allgaiabua.de\\\/kjp\\\/#website\",\"url\":\"https:\\\/\\\/www.allgaiabua.de\\\/kjp\\\/\",\"name\":\"KJP Oberallg\u00e4u\",\"description\":\"Gemeinschaftspraxis f\u00fcr Kinder- und Jugendpsychiatrie und -psychotherapie Dr. B. Graf | J. Reinlein\",\"potentialAction\":[{\"@type\":\"SearchAction\",\"target\":{\"@type\":\"EntryPoint\",\"urlTemplate\":\"https:\\\/\\\/www.allgaiabua.de\\\/kjp\\\/?s={search_term_string}\"},\"query-input\":{\"@type\":\"PropertyValueSpecification\",\"valueRequired\":true,\"valueName\":\"search_term_string\"}}],\"inLanguage\":\"de\"}]}<\/script>\n<!-- \/ Yoast SEO plugin. -->","yoast_head_json":{"title":"Familientherapie - KJP Oberallg\u00e4u","robots":{"index":"noindex","follow":"follow","max-snippet":"max-snippet:-1","max-image-preview":"max-image-preview:large","max-video-preview":"max-video-preview:-1"},"og_locale":"de_DE","og_type":"article","og_title":"Familientherapie - KJP Oberallg\u00e4u","og_description":"[vc_row][vc_column css=&#8220;.vc_custom_1506330665620{margin-bottom: 30px !important;}&#8220;][vc_column_text]H\u00e4ufig k\u00f6nnen Probleme bei Kindern oder Jugendlichen nicht au\u00dferhalb des famili\u00e4ren Rahmens betrachtet werden. Das Kind bzw. der Jugendliche ist Teil des Systems Familie, die Beziehungsgestaltung inner- [\u2026]","og_url":"https:\/\/www.allgaiabua.de\/kjp\/therapie\/familientherapie\/","og_site_name":"KJP Oberallg\u00e4u","article_modified_time":"2018-02-19T10:15:08+00:00","twitter_card":"summary_large_image","twitter_misc":{"Gesch\u00e4tzte Lesezeit":"1\u00a0Minute"},"schema":{"@context":"https:\/\/schema.org","@graph":[{"@type":"WebPage","@id":"https:\/\/www.allgaiabua.de\/kjp\/therapie\/familientherapie\/","url":"https:\/\/www.allgaiabua.de\/kjp\/therapie\/familientherapie\/","name":"Familientherapie - KJP Oberallg\u00e4u","isPartOf":{"@id":"https:\/\/www.allgaiabua.de\/kjp\/#website"},"datePublished":"2016-08-18T09:34:52+00:00","dateModified":"2018-02-19T10:15:08+00:00","breadcrumb":{"@id":"https:\/\/www.allgaiabua.de\/kjp\/therapie\/familientherapie\/#breadcrumb"},"inLanguage":"de","potentialAction":[{"@type":"ReadAction","target":["https:\/\/www.allgaiabua.de\/kjp\/therapie\/familientherapie\/"]}]},{"@type":"BreadcrumbList","@id":"https:\/\/www.allgaiabua.de\/kjp\/therapie\/familientherapie\/#breadcrumb","itemListElement":[{"@type":"ListItem","position":1,"name":"Startseite","item":"https:\/\/www.allgaiabua.de\/kjp\/"},{"@type":"ListItem","position":2,"name":"Therapie","item":"https:\/\/www.allgaiabua.de\/kjp\/therapie\/"},{"@type":"ListItem","position":3,"name":"Familientherapie"}]},{"@type":"WebSite","@id":"https:\/\/www.allgaiabua.de\/kjp\/#website","url":"https:\/\/www.allgaiabua.de\/kjp\/","name":"KJP Oberallg\u00e4u","description":"Gemeinschaftspraxis f\u00fcr Kinder- und Jugendpsychiatrie und -psychotherapie Dr. B. Graf | J. Reinlein","potentialAction":[{"@type":"SearchAction","target":{"@type":"EntryPoint","urlTemplate":"https:\/\/www.allgaiabua.de\/kjp\/?s={search_term_string}"},"query-input":{"@type":"PropertyValueSpecification","valueRequired":true,"valueName":"search_term_string"}}],"inLanguage":"de"}]}},"_links":{"self":[{"href":"https:\/\/www.allgaiabua.de\/kjp\/wp-json\/wp\/v2\/pages\/763","targetHints":{"allow":["GET"]}}],"collection":[{"href":"https:\/\/www.allgaiabua.de\/kjp\/wp-json\/wp\/v2\/pages"}],"about":[{"href":"https:\/\/www.allgaiabua.de\/kjp\/wp-json\/wp\/v2\/types\/page"}],"author":[{"embeddable":true,"href":"https:\/\/www.allgaiabua.de\/kjp\/wp-json\/wp\/v2\/users\/3"}],"replies":[{"embeddable":true,"href":"https:\/\/www.allgaiabua.de\/kjp\/wp-json\/wp\/v2\/comments?post=763"}],"version-history":[{"count":0,"href":"https:\/\/www.allgaiabua.de\/kjp\/wp-json\/wp\/v2\/pages\/763\/revisions"}],"up":[{"embeddable":true,"href":"https:\/\/www.allgaiabua.de\/kjp\/wp-json\/wp\/v2\/pages\/27"}],"wp:attachment":[{"href":"https:\/\/www.allgaiabua.de\/kjp\/wp-json\/wp\/v2\/media?parent=763"}],"curies":[{"name":"wp","href":"https:\/\/api.w.org\/{rel}","templated":true}]}}