{"id":761,"date":"2016-08-18T11:33:52","date_gmt":"2016-08-18T09:33:52","guid":{"rendered":"http:\/\/www.allgaiabua.de\/kjp\/?page_id=761"},"modified":"2018-11-30T10:56:45","modified_gmt":"2018-11-30T08:56:45","slug":"einzeltherapie","status":"publish","type":"page","link":"https:\/\/www.allgaiabua.de\/kjp\/therapie\/einzeltherapie\/","title":{"rendered":"Einzeltherapie"},"content":{"rendered":"<div class=\"wpb-content-wrapper\"><p>[vc_row][vc_column][vc_column_text]Die <strong>Psychotherapie<\/strong> (griechisch, psychotherap\u00eda &#8211; Pflegen der Seele) ist die Behandlung psychisch, emotional und psychosomatisch bedingter Krankheiten, Leidenszust\u00e4nde oder Verhaltensst\u00f6rungen mit Hilfe psychologischer, d.h. wissenschaftlich fundierter Methoden durch verschiedene Formen verbaler und nonverbaler Kommunikation.<\/p>\n<p>Je nach Form der Psychotherapie findet hierbei eher eine Auseinandersetzung mit dem Unbewu\u00dften statt, um die Ursachen der Erkrankung zu kl\u00e4ren, oder es wird eher der Bereich des bewussten Denkens und Empfinden ergr\u00fcndet und durchleuchtet.[\/vc_column_text][vc_column_text css=&#8220;.vc_custom_1543568131602{margin-bottom: 30px !important;}&#8220;]<\/p>\n<h2>Welche Therapie f\u00fcr welchen Patienten?<\/h2>\n<p>Die Entscheidung, welche Therapie f\u00fcr den Patienten am besten geeignet ist, wird nach den Untersuchungsterminen getroffen und dann im Therapieplanungsgespr\u00e4ch mit den Erziehungsberechtigten und dem Patienten besprochen.<\/p>\n<p><strong>Einzeltherapien<\/strong> im Gegensatz zur <a href=\"..\/gruppentherapie\"><strong>Gruppentherapie<\/strong><\/a> sind f\u00fcr jene Patienten besonders heilsam, wenn die uneingeschr\u00e4nkte Aufmerksamkeit des Therapeuten n\u00f6tig ist. Je nach Befindlichkeit und Alter wird entschieden, ob eine <strong>Gespr\u00e4chs-<\/strong> oder eine <strong>Spieltherapie<\/strong> sinnvoll ist.[\/vc_column_text][vc_column_text css=&#8220;.vc_custom_1519730030973{margin-bottom: 30px !important;}&#8220;]<\/p>\n<h3>Gespr\u00e4chstherapie<\/h3>\n<p>Ich bin Blindtext. Von Geburt an. Es hat lange gedauert, bis ich begriffen habe, was es bedeutet, ein blinder Text zu sein: Man macht keinen Sinn. Man wirkt hier und da aus dem Zusammenhang gerissen. Oft wird man gar nicht erst gelesen. Aber bin ich deshalb ein schlechter Text? Ich weiss, dass ich nie die Chance haben werde, im Stern zu erscheinen. Aber bin ich darum weniger wichtig? Ich bin blind! Aber ich bin gerne Text. Und sollten Sie mich jetzt tats\u00e4chlich zu Ende lesen, dann habe ich etwas geschafft, was den meisten normalen Texten nicht gelingt.[\/vc_column_text][vc_column_text css=&#8220;.vc_custom_1519730040762{margin-bottom: 30px !important;}&#8220;]<\/p>\n<h3>Spieltherapie<\/h3>\n<p>Ich bin Blindtext. Von Geburt an. Es hat lange gedauert, bis ich begriffen habe, was es bedeutet, ein blinder Text zu sein: Man macht keinen Sinn. Man wirkt hier und da aus dem Zusammenhang gerissen. Oft wird man gar nicht erst gelesen. Aber bin ich deshalb ein schlechter Text? Ich weiss, dass ich nie die Chance haben werde, im Stern zu erscheinen. Aber bin ich darum weniger wichtig? Ich bin blind! Aber ich bin gerne Text. Und sollten Sie mich jetzt tats\u00e4chlich zu Ende lesen, dann habe ich etwas geschafft, was den meisten normalen Texten nicht gelingt.[\/vc_column_text][vc_empty_space height=&#8220;30px&#8220;][vc_single_image image=&#8220;1240&#8243; img_size=&#8220;full&#8220;][\/vc_column][\/vc_row]<\/p>\n<\/div>","protected":false},"excerpt":{"rendered":"<p>[vc_row][vc_column][vc_column_text]Die Psychotherapie (griechisch, psychotherap\u00eda &#8211; Pflegen der Seele) ist die Behandlung psychisch, emotional und psychosomatisch bedingter Krankheiten, Leidenszust\u00e4nde oder Verhaltensst\u00f6rungen mit Hilfe psychologischer, d.h. wissenschaftlich fundierter Methoden durch verschiedene Formen<span class=\"excerpt-hellip\"> [\u2026]<\/span><\/p>\n","protected":false},"author":3,"featured_media":0,"parent":27,"menu_order":0,"comment_status":"closed","ping_status":"closed","template":"","meta":{"footnotes":""},"class_list":["post-761","page","type-page","status-publish","hentry"],"yoast_head":"<!-- This site is optimized with the Yoast SEO plugin v27.5 - https:\/\/yoast.com\/product\/yoast-seo-wordpress\/ -->\n<title>Einzeltherapie - KJP Oberallg\u00e4u<\/title>\n<meta name=\"robots\" content=\"noindex, follow, max-snippet:-1, max-image-preview:large, max-video-preview:-1\" \/>\n<meta property=\"og:locale\" content=\"de_DE\" \/>\n<meta property=\"og:type\" content=\"article\" \/>\n<meta property=\"og:title\" content=\"Einzeltherapie - KJP Oberallg\u00e4u\" \/>\n<meta property=\"og:description\" content=\"[vc_row][vc_column][vc_column_text]Die Psychotherapie (griechisch, psychotherap\u00eda &#8211; Pflegen der Seele) ist die Behandlung psychisch, emotional und psychosomatisch bedingter Krankheiten, Leidenszust\u00e4nde oder Verhaltensst\u00f6rungen mit Hilfe psychologischer, d.h. wissenschaftlich fundierter Methoden durch verschiedene Formen [\u2026]\" \/>\n<meta property=\"og:url\" content=\"https:\/\/www.allgaiabua.de\/kjp\/therapie\/einzeltherapie\/\" \/>\n<meta property=\"og:site_name\" content=\"KJP Oberallg\u00e4u\" \/>\n<meta property=\"article:modified_time\" content=\"2018-11-30T08:56:45+00:00\" \/>\n<meta name=\"twitter:card\" content=\"summary_large_image\" \/>\n<meta name=\"twitter:label1\" content=\"Gesch\u00e4tzte Lesezeit\" \/>\n\t<meta name=\"twitter:data1\" content=\"2\u00a0Minuten\" \/>\n<script type=\"application\/ld+json\" class=\"yoast-schema-graph\">{\"@context\":\"https:\\\/\\\/schema.org\",\"@graph\":[{\"@type\":\"WebPage\",\"@id\":\"https:\\\/\\\/www.allgaiabua.de\\\/kjp\\\/therapie\\\/einzeltherapie\\\/\",\"url\":\"https:\\\/\\\/www.allgaiabua.de\\\/kjp\\\/therapie\\\/einzeltherapie\\\/\",\"name\":\"Einzeltherapie - KJP Oberallg\u00e4u\",\"isPartOf\":{\"@id\":\"https:\\\/\\\/www.allgaiabua.de\\\/kjp\\\/#website\"},\"datePublished\":\"2016-08-18T09:33:52+00:00\",\"dateModified\":\"2018-11-30T08:56:45+00:00\",\"breadcrumb\":{\"@id\":\"https:\\\/\\\/www.allgaiabua.de\\\/kjp\\\/therapie\\\/einzeltherapie\\\/#breadcrumb\"},\"inLanguage\":\"de\",\"potentialAction\":[{\"@type\":\"ReadAction\",\"target\":[\"https:\\\/\\\/www.allgaiabua.de\\\/kjp\\\/therapie\\\/einzeltherapie\\\/\"]}]},{\"@type\":\"BreadcrumbList\",\"@id\":\"https:\\\/\\\/www.allgaiabua.de\\\/kjp\\\/therapie\\\/einzeltherapie\\\/#breadcrumb\",\"itemListElement\":[{\"@type\":\"ListItem\",\"position\":1,\"name\":\"Startseite\",\"item\":\"https:\\\/\\\/www.allgaiabua.de\\\/kjp\\\/\"},{\"@type\":\"ListItem\",\"position\":2,\"name\":\"Therapie\",\"item\":\"https:\\\/\\\/www.allgaiabua.de\\\/kjp\\\/therapie\\\/\"},{\"@type\":\"ListItem\",\"position\":3,\"name\":\"Einzeltherapie\"}]},{\"@type\":\"WebSite\",\"@id\":\"https:\\\/\\\/www.allgaiabua.de\\\/kjp\\\/#website\",\"url\":\"https:\\\/\\\/www.allgaiabua.de\\\/kjp\\\/\",\"name\":\"KJP Oberallg\u00e4u\",\"description\":\"Gemeinschaftspraxis f\u00fcr Kinder- und Jugendpsychiatrie und -psychotherapie Dr. B. Graf | J. Reinlein\",\"potentialAction\":[{\"@type\":\"SearchAction\",\"target\":{\"@type\":\"EntryPoint\",\"urlTemplate\":\"https:\\\/\\\/www.allgaiabua.de\\\/kjp\\\/?s={search_term_string}\"},\"query-input\":{\"@type\":\"PropertyValueSpecification\",\"valueRequired\":true,\"valueName\":\"search_term_string\"}}],\"inLanguage\":\"de\"}]}<\/script>\n<!-- \/ Yoast SEO plugin. -->","yoast_head_json":{"title":"Einzeltherapie - KJP Oberallg\u00e4u","robots":{"index":"noindex","follow":"follow","max-snippet":"max-snippet:-1","max-image-preview":"max-image-preview:large","max-video-preview":"max-video-preview:-1"},"og_locale":"de_DE","og_type":"article","og_title":"Einzeltherapie - KJP Oberallg\u00e4u","og_description":"[vc_row][vc_column][vc_column_text]Die Psychotherapie (griechisch, psychotherap\u00eda &#8211; Pflegen der Seele) ist die Behandlung psychisch, emotional und psychosomatisch bedingter Krankheiten, Leidenszust\u00e4nde oder Verhaltensst\u00f6rungen mit Hilfe psychologischer, d.h. wissenschaftlich fundierter Methoden durch verschiedene Formen [\u2026]","og_url":"https:\/\/www.allgaiabua.de\/kjp\/therapie\/einzeltherapie\/","og_site_name":"KJP Oberallg\u00e4u","article_modified_time":"2018-11-30T08:56:45+00:00","twitter_card":"summary_large_image","twitter_misc":{"Gesch\u00e4tzte Lesezeit":"2\u00a0Minuten"},"schema":{"@context":"https:\/\/schema.org","@graph":[{"@type":"WebPage","@id":"https:\/\/www.allgaiabua.de\/kjp\/therapie\/einzeltherapie\/","url":"https:\/\/www.allgaiabua.de\/kjp\/therapie\/einzeltherapie\/","name":"Einzeltherapie - KJP Oberallg\u00e4u","isPartOf":{"@id":"https:\/\/www.allgaiabua.de\/kjp\/#website"},"datePublished":"2016-08-18T09:33:52+00:00","dateModified":"2018-11-30T08:56:45+00:00","breadcrumb":{"@id":"https:\/\/www.allgaiabua.de\/kjp\/therapie\/einzeltherapie\/#breadcrumb"},"inLanguage":"de","potentialAction":[{"@type":"ReadAction","target":["https:\/\/www.allgaiabua.de\/kjp\/therapie\/einzeltherapie\/"]}]},{"@type":"BreadcrumbList","@id":"https:\/\/www.allgaiabua.de\/kjp\/therapie\/einzeltherapie\/#breadcrumb","itemListElement":[{"@type":"ListItem","position":1,"name":"Startseite","item":"https:\/\/www.allgaiabua.de\/kjp\/"},{"@type":"ListItem","position":2,"name":"Therapie","item":"https:\/\/www.allgaiabua.de\/kjp\/therapie\/"},{"@type":"ListItem","position":3,"name":"Einzeltherapie"}]},{"@type":"WebSite","@id":"https:\/\/www.allgaiabua.de\/kjp\/#website","url":"https:\/\/www.allgaiabua.de\/kjp\/","name":"KJP Oberallg\u00e4u","description":"Gemeinschaftspraxis f\u00fcr Kinder- und Jugendpsychiatrie und -psychotherapie Dr. B. Graf | J. Reinlein","potentialAction":[{"@type":"SearchAction","target":{"@type":"EntryPoint","urlTemplate":"https:\/\/www.allgaiabua.de\/kjp\/?s={search_term_string}"},"query-input":{"@type":"PropertyValueSpecification","valueRequired":true,"valueName":"search_term_string"}}],"inLanguage":"de"}]}},"_links":{"self":[{"href":"https:\/\/www.allgaiabua.de\/kjp\/wp-json\/wp\/v2\/pages\/761","targetHints":{"allow":["GET"]}}],"collection":[{"href":"https:\/\/www.allgaiabua.de\/kjp\/wp-json\/wp\/v2\/pages"}],"about":[{"href":"https:\/\/www.allgaiabua.de\/kjp\/wp-json\/wp\/v2\/types\/page"}],"author":[{"embeddable":true,"href":"https:\/\/www.allgaiabua.de\/kjp\/wp-json\/wp\/v2\/users\/3"}],"replies":[{"embeddable":true,"href":"https:\/\/www.allgaiabua.de\/kjp\/wp-json\/wp\/v2\/comments?post=761"}],"version-history":[{"count":0,"href":"https:\/\/www.allgaiabua.de\/kjp\/wp-json\/wp\/v2\/pages\/761\/revisions"}],"up":[{"embeddable":true,"href":"https:\/\/www.allgaiabua.de\/kjp\/wp-json\/wp\/v2\/pages\/27"}],"wp:attachment":[{"href":"https:\/\/www.allgaiabua.de\/kjp\/wp-json\/wp\/v2\/media?parent=761"}],"curies":[{"name":"wp","href":"https:\/\/api.w.org\/{rel}","templated":true}]}}