{"id":757,"date":"2016-08-18T11:32:09","date_gmt":"2016-08-18T09:32:09","guid":{"rendered":"http:\/\/www.allgaiabua.de\/kjp\/?page_id=757"},"modified":"2018-11-27T12:11:03","modified_gmt":"2018-11-27T10:11:03","slug":"glossar-was-heisst-das","status":"publish","type":"page","link":"https:\/\/www.allgaiabua.de\/kjp\/informationen\/glossar-was-heisst-das\/","title":{"rendered":"Glossar &#8211; Was hei\u00dft das?"},"content":{"rendered":"<div class=\"wpb-content-wrapper\"><p>[vc_row][vc_column][vc_column_text]<\/p>\n<h3>ADHS<\/h3>\n<p>Aufmerksamkeitsdefizitst\u00f6rung mit \u2192 <a href=\"#hyperaktivitaet\">Hyperaktivit\u00e4t<\/a>. Kernsymptome sind eine verminderte Konzentrations- und Aufmerksamkeitsf\u00e4higkeit, gesteigerter Bewegungsdrang sowie \u2192 <a href=\"#impulsivitaet\">Impulsivit\u00e4t<\/a>.[\/vc_column_text][vc_column_text]<\/p>\n<h3>ADS<\/h3>\n<p>Aufmerksamkeitsdefizitst\u00f6rung ohne \u2192 <a href=\"#hyperaktivitaet\">Hyperaktivit\u00e4t<\/a>. <a name=\"dopamin\"><\/a>Kernsymptome sind eine verminderte Konzentrations- und Aufmerksamkeitsf\u00e4higkeit, \u2192 <a href=\"#impulsivitaet\">Impulsivit\u00e4t<\/a> sowie ein normaler oder reduzierter Bewegungsdrang. Der Begriff ADHS wird gew\u00f6hnlich f\u00fcr beide Varianten (ADHS und ADS) verwandt.[\/vc_column_text][vc_column_text]<\/p>\n<h3>Dopamin<\/h3>\n<p>\u2192 <a href=\"#neurotransmitter\">Neurotransmitter<\/a> (Botenstoff), der eine wichtige Rolle bei der Reizweiterleitung im Gehirn spielt.[\/vc_column_text][vc_column_text]<a name=\"hyperaktivitaet\"><\/a><\/p>\n<h3>EEG<\/h3>\n<p>Elektroenzephalogramm: das Aufzeichnen und Auswerten des Hirnstrombildes.[\/vc_column_text][vc_column_text]<a name=\"impulsivitaet\"><\/a><\/p>\n<h3>Hyperaktivit\u00e4t<\/h3>\n<p>Gesteigerter Bewegungsdrang und k\u00f6rperliche Unruhe.[\/vc_column_text][vc_column_text]<\/p>\n<h3>Impulsivit\u00e4t, impulsives Verhalten<\/h3>\n<p>Spontanes, pl\u00f6tzliches Ausf\u00fchren von Handlungen, ohne zu \u00fcberlegen und\/oder die Folgen zu bedenken. F\u00fchrt bei ADHS-Kindern h\u00e4ufig zu Unf\u00e4llen und Verletzungen.[\/vc_column_text][vc_column_text]<a name=\"lrs\"><\/a><\/p>\n<h3>Komorbidit\u00e4ten<\/h3>\n<p>Begleiterkrankungen, die neben ADHS auftreten und gesondert diagnostiziert und behandelt werden m\u00fcssen.[\/vc_column_text][vc_column_text]<\/p>\n<h3>Lese-, Rechtschreib- und Rechen-St\u00f6rung<\/h3>\n<p><a name=\"multimodale-therapie\"><\/a>Teilleistungsst\u00f6rungen, bei denen durch spezifische und umschriebene Funktionsst\u00f6rungen in bestimmten Hirnbereichen die Lese- und\/oder Rechtschreibleistung des betroffenen Kindes beeintr\u00e4chtigt sind bzw. eine spezifische Rechenst\u00f6rung vorliegt. Beide St\u00f6rungen gehen in der Regel mit normaler Intelligenz einher.[\/vc_column_text][vc_column_text]<\/p>\n<h3>Multimodale Therapie<\/h3>\n<p>Behandlung, die sich aus einer jeweils individuellen Kombination unterschiedlicher Therapieformen zusammensetzt. Der multimodale Therapieansatz bei ADHS umfasst das Elterntraining, psychotherapeutische Ma\u00dfnahmen (z. B. Verhaltenstherapie) und die medikament\u00f6se Therapie.[\/vc_column_text][vc_column_text]<a name=\"neurotransmitter\"><\/a><\/p>\n<h3>Nachteilsausgleich<\/h3>\n<p>Vorschriften \u00fcber Hilfen f\u00fcr behinderte Menschen zum Ausgleich behinderungsbedingter Nachteile oder Mehraufwendungen.[\/vc_column_text][vc_column_text]<a name=\"noradrenalin\"><\/a><\/p>\n<h3>Neurotransmitter<\/h3>\n<p>Im Nervensystem wirkende k\u00f6rpereigene Substanzen (Botenstoffe), die f\u00fcr die Reiz\u00fcbertragung zwischen den Nervenzellen zust\u00e4ndig sind. Die wichtigsten im Zusammenhang mit ADHS sind \u2192 <a href=\"#dopamin\">Dopamin<\/a> und \u2192 <a href=\"#noradrenalin\">Noradrenalin<\/a>.[\/vc_column_text][vc_column_text]<\/p>\n<h3>Noradrenalin<\/h3>\n<p>\u2192 <a href=\"#neurotransmitter\">Neurotransmitter<\/a> (Botenstoff), der eine wichtige Rolle bei der Reizweiterleitung im Gehirn spielt.[\/vc_column_text][vc_column_text]<\/p>\n<h3>P\u00e4dagogische Supervision<\/h3>\n<p>Supervision ist eine professionelle Beratung zur Qualit\u00e4tssicherung am Arbeitsplatz. Sie reflektiert den Zusammenhang von behandelnder Person, beruflicher Rolle, Organisation und Klientel im beruflichen Alltag. Die p\u00e4dagogische Supervision bezieht sich dabei auf psychische, soziale und institutionelle Faktoren in p\u00e4dagogischen Kontexten wie z.B. <a name=\"psychostimulanzien\"><\/a>Kindertagesst\u00e4tten, Schulen, Hochschulen, Universit\u00e4ten und alle Einrichtungen und Situationen, die mit Bildung zu tun haben. Sie n\u00fctzt der Verbesserung der Kommunikations- und Kooperationsf\u00e4higkeit von Einzelpersonen, Gruppten, Arbeitsteams und Organisationen und f\u00f6rdert ihr Lernen in gemeinsamer Suche nach Alternativen. Damit dient sie der Pr\u00e4vention und dem Erhalt der Gesundheit p\u00e4dagogischer Fachkr\u00e4fte und Lernender (Kinder, Jugendlicher und Erwachsener).[\/vc_column_text][vc_column_text]<\/p>\n<h3>Psychostimulanzien<\/h3>\n<p>Substanzen (Psychopharmaka), die \u00fcber eine direkte Beeinflussung des Zentralnervensystems Erleben und Verhalten des Patienten ver\u00e4ndern k\u00f6nnen. Bei Gesunden k\u00f6nnen sie den Antrieb steigern und psychisch anregend wirken. Bei ADHS hingegen wirken sie nicht anregend, sondern eher ausgleichend. Die Verordnung dieser Medikamente unterliegt in Deutschland dem Bet\u00e4ubungsmittelgesetz.[\/vc_column_text][vc_column_text]<\/p>\n<h3>Reframing<\/h3>\n<p>Der Begriff Umdeutung (von englisch &#8222;Reframing&#8220;), bezeichnet eine Technik, die aus der Systemischen Familientherapie stammt und von Virginia Satir eingef\u00fchrt wurde. Dem Reframing kommt besonders in der Hypnotherapie nach Milton H. Erickson ein hoher Stellenwert zu. Auch die systemisch-l\u00f6sungsorientierte P\u00e4dagogik deutet mit Humor vieles um\/neu. Durch Umdeutung wird einer Situation oder einem Geschehen eine andere Bedeutung oder ein anderer Sinn zugewiesen, und zwar dadurch, dass man versucht, die Situation in einem anderen Kontext (oder \u201eRahmen\u201c) zu sehen.[\/vc_column_text][vc_column_text]<\/p>\n<h3>Selektive Noradrenalin-Wiederaufnahmehemmer<\/h3>\n<p>Substanzen (Psychopharmaka), die zu einer Regulation des \u2192 <a href=\"#noradrenalin\">Noradrenalin<\/a>-Systems im Gehirn beitragen k\u00f6nnen. Erste medikament\u00f6se Behandlungsoption f\u00fcr ADHS, die kein Psychostimulanz ist.[\/vc_column_text][vc_column_text]<\/p>\n<h3>Skalierungsfrage<\/h3>\n<p>Die Skalierung eines Aspekts, Verhaltens, Zieles von 0 bis 10 ist eine Technik aus der systemisch-l\u00f6sungsorientierten Therapie, die auch p\u00e4dagogisch genutzt wird. Die Skalierungsfrage dient der Unterschiedsbildung und Entwicklung des Zielzustandes.[\/vc_column_text][vc_column_text]<\/p>\n<h3>Soziometrie<\/h3>\n<p>Eine Methode der Sozialpsychologie, mit der man soziale Beziehungen in einer Gruppe von Menschen in Bezug auf vorher definierte Kriterien sichtbar macht.[\/vc_column_text][vc_column_text]<\/p>\n<h3>Stimulanzien<\/h3>\n<p>\u2192 <a href=\"#psychostimulanzien\">Psychostimulanzien<\/a>[\/vc_column_text][vc_column_text]<\/p>\n<h3>Teilleistungsst\u00f6rungen<\/h3>\n<p>Leistungsst\u00f6rungen, die bestimmte Funktionen des Gehirns betreffen (Lesen, Schreiben, Rechnen). Zusammen mit ADHS k\u00f6nnen \u2192 <a href=\"#lrs\">Lese-, Rechtschreib- und Rechen-Schw\u00e4chen<\/a> vorkommen.[\/vc_column_text][vc_column_text]<\/p>\n<h3>Tic-St\u00f6rungen<\/h3>\n<p>Unwillk\u00fcrliche Muskelzuckungen, besonders im Gesicht, die bei ADHS h\u00e4ufig begleitend auftreten.[\/vc_column_text][vc_column_text]<\/p>\n<h3>Tourette-Syndrom (TS)<\/h3>\n<p>Eine neuropsychiatrische Erkrankung, die durch komplexe (vokal\/motorische) Tics charakterisiert ist. Tics sind spontane, pl\u00f6tzliche und h\u00e4ufig heftige Bewegungen oder Laut\u00e4u\u00dferungen. Benannt nach dem franz\u00f6sischen Arzt Gilles de la Tourette, der die Symptomatik erstmals um 1885 beschrieb.[\/vc_column_text][vc_column_text]<\/p>\n<h3>Verhaltenstherapie<\/h3>\n<p>Psychotherapeutische Behandlung, bei der unerw\u00fcnschte Verhaltensweisen abgebaut und gezielt durch neu erlernte ersetzt werden. Baustein der \u2192 <a href=\"#multimodale-therapie\">multimodalen Therapie<\/a> bei ADHS.[\/vc_column_text][vc_empty_space height=&#8220;30px&#8220;][\/vc_column][\/vc_row]<\/p>\n<\/div>","protected":false},"excerpt":{"rendered":"<p>[vc_row][vc_column][vc_column_text] ADHS Aufmerksamkeitsdefizitst\u00f6rung mit \u2192 Hyperaktivit\u00e4t. Kernsymptome sind eine verminderte Konzentrations- und Aufmerksamkeitsf\u00e4higkeit, gesteigerter Bewegungsdrang sowie \u2192 Impulsivit\u00e4t.[\/vc_column_text][vc_column_text] ADS Aufmerksamkeitsdefizitst\u00f6rung ohne \u2192 Hyperaktivit\u00e4t. Kernsymptome sind eine verminderte Konzentrations- und Aufmerksamkeitsf\u00e4higkeit,<span class=\"excerpt-hellip\"> [\u2026]<\/span><\/p>\n","protected":false},"author":3,"featured_media":0,"parent":37,"menu_order":0,"comment_status":"closed","ping_status":"closed","template":"","meta":{"footnotes":""},"class_list":["post-757","page","type-page","status-publish","hentry"],"yoast_head":"<!-- This site is optimized with the Yoast SEO plugin v27.5 - https:\/\/yoast.com\/product\/yoast-seo-wordpress\/ -->\n<title>Glossar - Was hei\u00dft das? - KJP Oberallg\u00e4u<\/title>\n<meta name=\"robots\" content=\"noindex, follow, max-snippet:-1, max-image-preview:large, max-video-preview:-1\" \/>\n<meta property=\"og:locale\" content=\"de_DE\" \/>\n<meta property=\"og:type\" content=\"article\" \/>\n<meta property=\"og:title\" content=\"Glossar - Was hei\u00dft das? - KJP Oberallg\u00e4u\" \/>\n<meta property=\"og:description\" content=\"[vc_row][vc_column][vc_column_text] ADHS Aufmerksamkeitsdefizitst\u00f6rung mit \u2192 Hyperaktivit\u00e4t. Kernsymptome sind eine verminderte Konzentrations- und Aufmerksamkeitsf\u00e4higkeit, gesteigerter Bewegungsdrang sowie \u2192 Impulsivit\u00e4t.[\/vc_column_text][vc_column_text] ADS Aufmerksamkeitsdefizitst\u00f6rung ohne \u2192 Hyperaktivit\u00e4t. Kernsymptome sind eine verminderte Konzentrations- und Aufmerksamkeitsf\u00e4higkeit, [\u2026]\" \/>\n<meta property=\"og:url\" content=\"https:\/\/www.allgaiabua.de\/kjp\/informationen\/glossar-was-heisst-das\/\" \/>\n<meta property=\"og:site_name\" content=\"KJP Oberallg\u00e4u\" \/>\n<meta property=\"article:modified_time\" content=\"2018-11-27T10:11:03+00:00\" \/>\n<meta name=\"twitter:card\" content=\"summary_large_image\" \/>\n<meta name=\"twitter:label1\" content=\"Gesch\u00e4tzte Lesezeit\" \/>\n\t<meta name=\"twitter:data1\" content=\"4\u00a0Minuten\" \/>\n<script type=\"application\/ld+json\" class=\"yoast-schema-graph\">{\"@context\":\"https:\\\/\\\/schema.org\",\"@graph\":[{\"@type\":\"WebPage\",\"@id\":\"https:\\\/\\\/www.allgaiabua.de\\\/kjp\\\/informationen\\\/glossar-was-heisst-das\\\/\",\"url\":\"https:\\\/\\\/www.allgaiabua.de\\\/kjp\\\/informationen\\\/glossar-was-heisst-das\\\/\",\"name\":\"Glossar - Was hei\u00dft das? - KJP Oberallg\u00e4u\",\"isPartOf\":{\"@id\":\"https:\\\/\\\/www.allgaiabua.de\\\/kjp\\\/#website\"},\"datePublished\":\"2016-08-18T09:32:09+00:00\",\"dateModified\":\"2018-11-27T10:11:03+00:00\",\"breadcrumb\":{\"@id\":\"https:\\\/\\\/www.allgaiabua.de\\\/kjp\\\/informationen\\\/glossar-was-heisst-das\\\/#breadcrumb\"},\"inLanguage\":\"de\",\"potentialAction\":[{\"@type\":\"ReadAction\",\"target\":[\"https:\\\/\\\/www.allgaiabua.de\\\/kjp\\\/informationen\\\/glossar-was-heisst-das\\\/\"]}]},{\"@type\":\"BreadcrumbList\",\"@id\":\"https:\\\/\\\/www.allgaiabua.de\\\/kjp\\\/informationen\\\/glossar-was-heisst-das\\\/#breadcrumb\",\"itemListElement\":[{\"@type\":\"ListItem\",\"position\":1,\"name\":\"Startseite\",\"item\":\"https:\\\/\\\/www.allgaiabua.de\\\/kjp\\\/\"},{\"@type\":\"ListItem\",\"position\":2,\"name\":\"Informationen\",\"item\":\"https:\\\/\\\/www.allgaiabua.de\\\/kjp\\\/informationen\\\/\"},{\"@type\":\"ListItem\",\"position\":3,\"name\":\"Glossar &#8211; Was hei\u00dft das?\"}]},{\"@type\":\"WebSite\",\"@id\":\"https:\\\/\\\/www.allgaiabua.de\\\/kjp\\\/#website\",\"url\":\"https:\\\/\\\/www.allgaiabua.de\\\/kjp\\\/\",\"name\":\"KJP Oberallg\u00e4u\",\"description\":\"Gemeinschaftspraxis f\u00fcr Kinder- und Jugendpsychiatrie und -psychotherapie Dr. B. Graf | J. Reinlein\",\"potentialAction\":[{\"@type\":\"SearchAction\",\"target\":{\"@type\":\"EntryPoint\",\"urlTemplate\":\"https:\\\/\\\/www.allgaiabua.de\\\/kjp\\\/?s={search_term_string}\"},\"query-input\":{\"@type\":\"PropertyValueSpecification\",\"valueRequired\":true,\"valueName\":\"search_term_string\"}}],\"inLanguage\":\"de\"}]}<\/script>\n<!-- \/ Yoast SEO plugin. -->","yoast_head_json":{"title":"Glossar - Was hei\u00dft das? - KJP Oberallg\u00e4u","robots":{"index":"noindex","follow":"follow","max-snippet":"max-snippet:-1","max-image-preview":"max-image-preview:large","max-video-preview":"max-video-preview:-1"},"og_locale":"de_DE","og_type":"article","og_title":"Glossar - Was hei\u00dft das? - KJP Oberallg\u00e4u","og_description":"[vc_row][vc_column][vc_column_text] ADHS Aufmerksamkeitsdefizitst\u00f6rung mit \u2192 Hyperaktivit\u00e4t. Kernsymptome sind eine verminderte Konzentrations- und Aufmerksamkeitsf\u00e4higkeit, gesteigerter Bewegungsdrang sowie \u2192 Impulsivit\u00e4t.[\/vc_column_text][vc_column_text] ADS Aufmerksamkeitsdefizitst\u00f6rung ohne \u2192 Hyperaktivit\u00e4t. Kernsymptome sind eine verminderte Konzentrations- und Aufmerksamkeitsf\u00e4higkeit, [\u2026]","og_url":"https:\/\/www.allgaiabua.de\/kjp\/informationen\/glossar-was-heisst-das\/","og_site_name":"KJP Oberallg\u00e4u","article_modified_time":"2018-11-27T10:11:03+00:00","twitter_card":"summary_large_image","twitter_misc":{"Gesch\u00e4tzte Lesezeit":"4\u00a0Minuten"},"schema":{"@context":"https:\/\/schema.org","@graph":[{"@type":"WebPage","@id":"https:\/\/www.allgaiabua.de\/kjp\/informationen\/glossar-was-heisst-das\/","url":"https:\/\/www.allgaiabua.de\/kjp\/informationen\/glossar-was-heisst-das\/","name":"Glossar - Was hei\u00dft das? - KJP Oberallg\u00e4u","isPartOf":{"@id":"https:\/\/www.allgaiabua.de\/kjp\/#website"},"datePublished":"2016-08-18T09:32:09+00:00","dateModified":"2018-11-27T10:11:03+00:00","breadcrumb":{"@id":"https:\/\/www.allgaiabua.de\/kjp\/informationen\/glossar-was-heisst-das\/#breadcrumb"},"inLanguage":"de","potentialAction":[{"@type":"ReadAction","target":["https:\/\/www.allgaiabua.de\/kjp\/informationen\/glossar-was-heisst-das\/"]}]},{"@type":"BreadcrumbList","@id":"https:\/\/www.allgaiabua.de\/kjp\/informationen\/glossar-was-heisst-das\/#breadcrumb","itemListElement":[{"@type":"ListItem","position":1,"name":"Startseite","item":"https:\/\/www.allgaiabua.de\/kjp\/"},{"@type":"ListItem","position":2,"name":"Informationen","item":"https:\/\/www.allgaiabua.de\/kjp\/informationen\/"},{"@type":"ListItem","position":3,"name":"Glossar &#8211; Was hei\u00dft das?"}]},{"@type":"WebSite","@id":"https:\/\/www.allgaiabua.de\/kjp\/#website","url":"https:\/\/www.allgaiabua.de\/kjp\/","name":"KJP Oberallg\u00e4u","description":"Gemeinschaftspraxis f\u00fcr Kinder- und Jugendpsychiatrie und -psychotherapie Dr. B. Graf | J. Reinlein","potentialAction":[{"@type":"SearchAction","target":{"@type":"EntryPoint","urlTemplate":"https:\/\/www.allgaiabua.de\/kjp\/?s={search_term_string}"},"query-input":{"@type":"PropertyValueSpecification","valueRequired":true,"valueName":"search_term_string"}}],"inLanguage":"de"}]}},"_links":{"self":[{"href":"https:\/\/www.allgaiabua.de\/kjp\/wp-json\/wp\/v2\/pages\/757","targetHints":{"allow":["GET"]}}],"collection":[{"href":"https:\/\/www.allgaiabua.de\/kjp\/wp-json\/wp\/v2\/pages"}],"about":[{"href":"https:\/\/www.allgaiabua.de\/kjp\/wp-json\/wp\/v2\/types\/page"}],"author":[{"embeddable":true,"href":"https:\/\/www.allgaiabua.de\/kjp\/wp-json\/wp\/v2\/users\/3"}],"replies":[{"embeddable":true,"href":"https:\/\/www.allgaiabua.de\/kjp\/wp-json\/wp\/v2\/comments?post=757"}],"version-history":[{"count":0,"href":"https:\/\/www.allgaiabua.de\/kjp\/wp-json\/wp\/v2\/pages\/757\/revisions"}],"up":[{"embeddable":true,"href":"https:\/\/www.allgaiabua.de\/kjp\/wp-json\/wp\/v2\/pages\/37"}],"wp:attachment":[{"href":"https:\/\/www.allgaiabua.de\/kjp\/wp-json\/wp\/v2\/media?parent=757"}],"curies":[{"name":"wp","href":"https:\/\/api.w.org\/{rel}","templated":true}]}}