{"id":43,"date":"2013-08-21T17:40:57","date_gmt":"2013-08-21T15:40:57","guid":{"rendered":"http:\/\/www.allgaiabua.de\/kjp\/?page_id=43"},"modified":"2018-11-27T12:24:59","modified_gmt":"2018-11-27T10:24:59","slug":"neuvorstellung","status":"publish","type":"page","link":"https:\/\/www.allgaiabua.de\/kjp\/neuvorstellung\/","title":{"rendered":"Fragebogen Neuvorstellung"},"content":{"rendered":"<div class=\"wpb-content-wrapper\"><p>[vc_row][vc_column][vc_column_text]Nachdem Sie telefonisch einen Neuvorstellungstermin vereinbart haben, bitten wir Sie, folgende Unterlagen zum Erstgespr\u00e4ch in unserer Praxis mitzubringen:<\/p>\n<p><img decoding=\"async\" class=\"alignnone size-full wp-image-1290\" src=\"http:\/\/www.allgaiabua.de\/kjp\/wp-content\/uploads\/2018\/02\/logo-schmetterling.gif\" alt=\"\" \/> Unseren ausgef\u00fcllten Fragebogen Neuvorstellung (siehe unten)<br \/>\n<img decoding=\"async\" class=\"alignnone size-full wp-image-1290\" src=\"http:\/\/www.allgaiabua.de\/kjp\/wp-content\/uploads\/2018\/02\/logo-schmetterling.gif\" alt=\"\" \/> Versichertenkarte<br \/>\n<img decoding=\"async\" class=\"alignnone size-full wp-image-1290\" src=\"http:\/\/www.allgaiabua.de\/kjp\/wp-content\/uploads\/2018\/02\/logo-schmetterling.gif\" alt=\"\" \/> Gegebenenfalls \u00dcberweisung des Hausarztes<br \/>\n<img decoding=\"async\" class=\"alignnone size-full wp-image-1290\" src=\"http:\/\/www.allgaiabua.de\/kjp\/wp-content\/uploads\/2018\/02\/logo-schmetterling.gif\" alt=\"\" \/> Untersuchungsheft<br \/>\n<img decoding=\"async\" class=\"alignnone size-full wp-image-1290\" src=\"http:\/\/www.allgaiabua.de\/kjp\/wp-content\/uploads\/2018\/02\/logo-schmetterling.gif\" alt=\"\" \/> Alle Zeugnisse<br \/>\n<img decoding=\"async\" class=\"alignnone size-full wp-image-1290\" src=\"http:\/\/www.allgaiabua.de\/kjp\/wp-content\/uploads\/2018\/02\/logo-schmetterling.gif\" alt=\"\" \/> Soweit vorhanden: Bisherige Behandlungsbefunde, Facharztberichte, k\u00f6rperliche Untersuchungsbefunde einschlie\u00dflich Laborwerte etc.[\/vc_column_text][\/vc_column][\/vc_row][vc_row css=&#8220;.vc_custom_1543313779214{border-top-width: 1px !important;border-right-width: 1px !important;border-bottom-width: 1px !important;border-left-width: 1px !important;padding-right: 30px !important;padding-left: 30px !important;background-color: #eef2da !important;background-position: center !important;background-repeat: no-repeat !important;background-size: cover !important;border-left-color: #cbd786 !important;border-left-style: solid !important;border-right-color: #cbd786 !important;border-right-style: solid !important;border-top-color: #cbd786 !important;border-top-style: solid !important;border-bottom-color: #cbd786 !important;border-bottom-style: solid !important;}&#8220;][vc_column][vc_column_text]<strong>Fragebogen Neuvorstellung:<\/strong><\/p>\n<p>Bitte nehmen Sie sich im Vorfeld Ihres Erstgespr\u00e4chs in unserer Praxis die Zeit, unseren Fragebogen Neuvorstellung auszuf\u00fcllen. Die Informationen sind f\u00fcr uns sehr wichtig, um einen Befund f\u00fcr Ihr Kind zu erstellen.[\/vc_column_text][\/vc_column][\/vc_row][vc_row][vc_column][vc_column_text]<\/p>\n<h2>Eine wichtige Bitte:<\/h2>\n<p>Wir planen f\u00fcr jeden Patienten feste, individuelle Termine ein, so dass Sie keine oder nur sehr kurze Wartezeiten haben. <b>Wenn Sie einen Termin nicht einhalten k\u00f6nnen, rufen Sie bitte mindestens 24 Stunden vorher an<\/b>, damit wir im Sinne anderer Patienten in diesem Fall noch reagieren k\u00f6nnen.<\/p>\n<p>Vielen Dank![\/vc_column_text][vc_empty_space height=&#8220;30px&#8220;][\/vc_column][\/vc_row]<\/p>\n<\/div>","protected":false},"excerpt":{"rendered":"<p>[vc_row][vc_column][vc_column_text]Nachdem Sie telefonisch einen Neuvorstellungstermin vereinbart haben, bitten wir Sie, folgende Unterlagen zum Erstgespr\u00e4ch in unserer Praxis mitzubringen: Unseren ausgef\u00fcllten Fragebogen Neuvorstellung (siehe unten) Versichertenkarte Gegebenenfalls \u00dcberweisung des Hausarztes Untersuchungsheft<span class=\"excerpt-hellip\"> [\u2026]<\/span><\/p>\n","protected":false},"author":3,"featured_media":0,"parent":0,"menu_order":0,"comment_status":"closed","ping_status":"closed","template":"","meta":{"footnotes":""},"class_list":["post-43","page","type-page","status-publish","hentry"],"yoast_head":"<!-- This site is optimized with the Yoast SEO plugin v27.5 - https:\/\/yoast.com\/product\/yoast-seo-wordpress\/ -->\n<title>Fragebogen Neuvorstellung - KJP Oberallg\u00e4u<\/title>\n<meta name=\"robots\" content=\"noindex, follow, max-snippet:-1, max-image-preview:large, max-video-preview:-1\" \/>\n<meta property=\"og:locale\" content=\"de_DE\" \/>\n<meta property=\"og:type\" content=\"article\" \/>\n<meta property=\"og:title\" content=\"Fragebogen Neuvorstellung - KJP Oberallg\u00e4u\" \/>\n<meta property=\"og:description\" content=\"[vc_row][vc_column][vc_column_text]Nachdem Sie telefonisch einen Neuvorstellungstermin vereinbart haben, bitten wir Sie, folgende Unterlagen zum Erstgespr\u00e4ch in unserer Praxis mitzubringen: Unseren ausgef\u00fcllten Fragebogen Neuvorstellung (siehe unten) Versichertenkarte Gegebenenfalls \u00dcberweisung des Hausarztes Untersuchungsheft [\u2026]\" \/>\n<meta property=\"og:url\" content=\"https:\/\/www.allgaiabua.de\/kjp\/neuvorstellung\/\" \/>\n<meta property=\"og:site_name\" content=\"KJP Oberallg\u00e4u\" \/>\n<meta property=\"article:modified_time\" content=\"2018-11-27T10:24:59+00:00\" \/>\n<meta property=\"og:image\" content=\"http:\/\/www.allgaiabua.de\/kjp\/wp-content\/uploads\/2018\/02\/logo-schmetterling.gif\" \/>\n<meta name=\"twitter:card\" content=\"summary_large_image\" \/>\n<meta name=\"twitter:label1\" content=\"Gesch\u00e4tzte Lesezeit\" \/>\n\t<meta name=\"twitter:data1\" content=\"1\u00a0Minute\" \/>\n<script type=\"application\/ld+json\" class=\"yoast-schema-graph\">{\"@context\":\"https:\\\/\\\/schema.org\",\"@graph\":[{\"@type\":\"WebPage\",\"@id\":\"https:\\\/\\\/www.allgaiabua.de\\\/kjp\\\/neuvorstellung\\\/\",\"url\":\"https:\\\/\\\/www.allgaiabua.de\\\/kjp\\\/neuvorstellung\\\/\",\"name\":\"Fragebogen Neuvorstellung - KJP Oberallg\u00e4u\",\"isPartOf\":{\"@id\":\"https:\\\/\\\/www.allgaiabua.de\\\/kjp\\\/#website\"},\"primaryImageOfPage\":{\"@id\":\"https:\\\/\\\/www.allgaiabua.de\\\/kjp\\\/neuvorstellung\\\/#primaryimage\"},\"image\":{\"@id\":\"https:\\\/\\\/www.allgaiabua.de\\\/kjp\\\/neuvorstellung\\\/#primaryimage\"},\"thumbnailUrl\":\"http:\\\/\\\/www.allgaiabua.de\\\/kjp\\\/wp-content\\\/uploads\\\/2018\\\/02\\\/logo-schmetterling.gif\",\"datePublished\":\"2013-08-21T15:40:57+00:00\",\"dateModified\":\"2018-11-27T10:24:59+00:00\",\"breadcrumb\":{\"@id\":\"https:\\\/\\\/www.allgaiabua.de\\\/kjp\\\/neuvorstellung\\\/#breadcrumb\"},\"inLanguage\":\"de\",\"potentialAction\":[{\"@type\":\"ReadAction\",\"target\":[\"https:\\\/\\\/www.allgaiabua.de\\\/kjp\\\/neuvorstellung\\\/\"]}]},{\"@type\":\"ImageObject\",\"inLanguage\":\"de\",\"@id\":\"https:\\\/\\\/www.allgaiabua.de\\\/kjp\\\/neuvorstellung\\\/#primaryimage\",\"url\":\"https:\\\/\\\/www.allgaiabua.de\\\/kjp\\\/wp-content\\\/uploads\\\/2018\\\/02\\\/logo-schmetterling.gif\",\"contentUrl\":\"https:\\\/\\\/www.allgaiabua.de\\\/kjp\\\/wp-content\\\/uploads\\\/2018\\\/02\\\/logo-schmetterling.gif\",\"width\":16,\"height\":16},{\"@type\":\"BreadcrumbList\",\"@id\":\"https:\\\/\\\/www.allgaiabua.de\\\/kjp\\\/neuvorstellung\\\/#breadcrumb\",\"itemListElement\":[{\"@type\":\"ListItem\",\"position\":1,\"name\":\"Startseite\",\"item\":\"https:\\\/\\\/www.allgaiabua.de\\\/kjp\\\/\"},{\"@type\":\"ListItem\",\"position\":2,\"name\":\"Fragebogen Neuvorstellung\"}]},{\"@type\":\"WebSite\",\"@id\":\"https:\\\/\\\/www.allgaiabua.de\\\/kjp\\\/#website\",\"url\":\"https:\\\/\\\/www.allgaiabua.de\\\/kjp\\\/\",\"name\":\"KJP Oberallg\u00e4u\",\"description\":\"Gemeinschaftspraxis f\u00fcr Kinder- und Jugendpsychiatrie und -psychotherapie Dr. B. Graf | J. Reinlein\",\"potentialAction\":[{\"@type\":\"SearchAction\",\"target\":{\"@type\":\"EntryPoint\",\"urlTemplate\":\"https:\\\/\\\/www.allgaiabua.de\\\/kjp\\\/?s={search_term_string}\"},\"query-input\":{\"@type\":\"PropertyValueSpecification\",\"valueRequired\":true,\"valueName\":\"search_term_string\"}}],\"inLanguage\":\"de\"}]}<\/script>\n<!-- \/ Yoast SEO plugin. -->","yoast_head_json":{"title":"Fragebogen Neuvorstellung - KJP Oberallg\u00e4u","robots":{"index":"noindex","follow":"follow","max-snippet":"max-snippet:-1","max-image-preview":"max-image-preview:large","max-video-preview":"max-video-preview:-1"},"og_locale":"de_DE","og_type":"article","og_title":"Fragebogen Neuvorstellung - KJP Oberallg\u00e4u","og_description":"[vc_row][vc_column][vc_column_text]Nachdem Sie telefonisch einen Neuvorstellungstermin vereinbart haben, bitten wir Sie, folgende Unterlagen zum Erstgespr\u00e4ch in unserer Praxis mitzubringen: Unseren ausgef\u00fcllten Fragebogen Neuvorstellung (siehe unten) Versichertenkarte Gegebenenfalls \u00dcberweisung des Hausarztes Untersuchungsheft [\u2026]","og_url":"https:\/\/www.allgaiabua.de\/kjp\/neuvorstellung\/","og_site_name":"KJP Oberallg\u00e4u","article_modified_time":"2018-11-27T10:24:59+00:00","og_image":[{"url":"http:\/\/www.allgaiabua.de\/kjp\/wp-content\/uploads\/2018\/02\/logo-schmetterling.gif","type":"","width":"","height":""}],"twitter_card":"summary_large_image","twitter_misc":{"Gesch\u00e4tzte Lesezeit":"1\u00a0Minute"},"schema":{"@context":"https:\/\/schema.org","@graph":[{"@type":"WebPage","@id":"https:\/\/www.allgaiabua.de\/kjp\/neuvorstellung\/","url":"https:\/\/www.allgaiabua.de\/kjp\/neuvorstellung\/","name":"Fragebogen Neuvorstellung - KJP Oberallg\u00e4u","isPartOf":{"@id":"https:\/\/www.allgaiabua.de\/kjp\/#website"},"primaryImageOfPage":{"@id":"https:\/\/www.allgaiabua.de\/kjp\/neuvorstellung\/#primaryimage"},"image":{"@id":"https:\/\/www.allgaiabua.de\/kjp\/neuvorstellung\/#primaryimage"},"thumbnailUrl":"http:\/\/www.allgaiabua.de\/kjp\/wp-content\/uploads\/2018\/02\/logo-schmetterling.gif","datePublished":"2013-08-21T15:40:57+00:00","dateModified":"2018-11-27T10:24:59+00:00","breadcrumb":{"@id":"https:\/\/www.allgaiabua.de\/kjp\/neuvorstellung\/#breadcrumb"},"inLanguage":"de","potentialAction":[{"@type":"ReadAction","target":["https:\/\/www.allgaiabua.de\/kjp\/neuvorstellung\/"]}]},{"@type":"ImageObject","inLanguage":"de","@id":"https:\/\/www.allgaiabua.de\/kjp\/neuvorstellung\/#primaryimage","url":"https:\/\/www.allgaiabua.de\/kjp\/wp-content\/uploads\/2018\/02\/logo-schmetterling.gif","contentUrl":"https:\/\/www.allgaiabua.de\/kjp\/wp-content\/uploads\/2018\/02\/logo-schmetterling.gif","width":16,"height":16},{"@type":"BreadcrumbList","@id":"https:\/\/www.allgaiabua.de\/kjp\/neuvorstellung\/#breadcrumb","itemListElement":[{"@type":"ListItem","position":1,"name":"Startseite","item":"https:\/\/www.allgaiabua.de\/kjp\/"},{"@type":"ListItem","position":2,"name":"Fragebogen Neuvorstellung"}]},{"@type":"WebSite","@id":"https:\/\/www.allgaiabua.de\/kjp\/#website","url":"https:\/\/www.allgaiabua.de\/kjp\/","name":"KJP Oberallg\u00e4u","description":"Gemeinschaftspraxis f\u00fcr Kinder- und Jugendpsychiatrie und -psychotherapie Dr. B. Graf | J. Reinlein","potentialAction":[{"@type":"SearchAction","target":{"@type":"EntryPoint","urlTemplate":"https:\/\/www.allgaiabua.de\/kjp\/?s={search_term_string}"},"query-input":{"@type":"PropertyValueSpecification","valueRequired":true,"valueName":"search_term_string"}}],"inLanguage":"de"}]}},"_links":{"self":[{"href":"https:\/\/www.allgaiabua.de\/kjp\/wp-json\/wp\/v2\/pages\/43","targetHints":{"allow":["GET"]}}],"collection":[{"href":"https:\/\/www.allgaiabua.de\/kjp\/wp-json\/wp\/v2\/pages"}],"about":[{"href":"https:\/\/www.allgaiabua.de\/kjp\/wp-json\/wp\/v2\/types\/page"}],"author":[{"embeddable":true,"href":"https:\/\/www.allgaiabua.de\/kjp\/wp-json\/wp\/v2\/users\/3"}],"replies":[{"embeddable":true,"href":"https:\/\/www.allgaiabua.de\/kjp\/wp-json\/wp\/v2\/comments?post=43"}],"version-history":[{"count":0,"href":"https:\/\/www.allgaiabua.de\/kjp\/wp-json\/wp\/v2\/pages\/43\/revisions"}],"wp:attachment":[{"href":"https:\/\/www.allgaiabua.de\/kjp\/wp-json\/wp\/v2\/media?parent=43"}],"curies":[{"name":"wp","href":"https:\/\/api.w.org\/{rel}","templated":true}]}}