{"id":41,"date":"2013-08-21T17:40:30","date_gmt":"2013-08-21T15:40:30","guid":{"rendered":"http:\/\/www.allgaiabua.de\/kjp\/?page_id=41"},"modified":"2018-11-27T12:12:33","modified_gmt":"2018-11-27T10:12:33","slug":"infos-fuer-eltern","status":"publish","type":"page","link":"https:\/\/www.allgaiabua.de\/kjp\/informationen\/infos-fuer-eltern\/","title":{"rendered":"Infos f\u00fcr Eltern"},"content":{"rendered":"<div class=\"wpb-content-wrapper\"><p>[vc_row][vc_column][vc_column_text]Infos dazu&#8230;<\/p>\n<p>&nbsp;<\/p>\n<p>Dabei auch an Attest \u00e0 20,- EUR denken&#8230;[\/vc_column_text][vc_empty_space height=&#8220;30px&#8220;][\/vc_column][\/vc_row]<\/p>\n<\/div>","protected":false},"excerpt":{"rendered":"<p>[vc_row][vc_column][vc_column_text]Infos dazu&#8230; &nbsp; Dabei auch an Attest \u00e0 20,- EUR denken&#8230;[\/vc_column_text][vc_empty_space height=&#8220;30px&#8220;][\/vc_column][\/vc_row]<\/p>\n","protected":false},"author":3,"featured_media":0,"parent":37,"menu_order":0,"comment_status":"closed","ping_status":"closed","template":"","meta":{"footnotes":""},"class_list":["post-41","page","type-page","status-publish","hentry"],"yoast_head":"<!-- This site is optimized with the Yoast SEO plugin v27.5 - https:\/\/yoast.com\/product\/yoast-seo-wordpress\/ -->\n<title>Infos f\u00fcr Eltern - KJP Oberallg\u00e4u<\/title>\n<meta name=\"robots\" content=\"noindex, follow, max-snippet:-1, max-image-preview:large, max-video-preview:-1\" \/>\n<meta property=\"og:locale\" content=\"de_DE\" \/>\n<meta property=\"og:type\" content=\"article\" \/>\n<meta property=\"og:title\" content=\"Infos f\u00fcr Eltern - KJP Oberallg\u00e4u\" \/>\n<meta property=\"og:description\" content=\"[vc_row][vc_column][vc_column_text]Infos dazu&#8230; &nbsp; Dabei auch an Attest \u00e0 20,- EUR denken&#8230;[\/vc_column_text][vc_empty_space height=&#8220;30px&#8220;][\/vc_column][\/vc_row]\" \/>\n<meta property=\"og:url\" content=\"https:\/\/www.allgaiabua.de\/kjp\/informationen\/infos-fuer-eltern\/\" \/>\n<meta property=\"og:site_name\" content=\"KJP Oberallg\u00e4u\" \/>\n<meta property=\"article:modified_time\" content=\"2018-11-27T10:12:33+00:00\" \/>\n<meta name=\"twitter:card\" content=\"summary_large_image\" \/>\n<script type=\"application\/ld+json\" class=\"yoast-schema-graph\">{\"@context\":\"https:\\\/\\\/schema.org\",\"@graph\":[{\"@type\":\"WebPage\",\"@id\":\"https:\\\/\\\/www.allgaiabua.de\\\/kjp\\\/informationen\\\/infos-fuer-eltern\\\/\",\"url\":\"https:\\\/\\\/www.allgaiabua.de\\\/kjp\\\/informationen\\\/infos-fuer-eltern\\\/\",\"name\":\"Infos f\u00fcr Eltern - KJP Oberallg\u00e4u\",\"isPartOf\":{\"@id\":\"https:\\\/\\\/www.allgaiabua.de\\\/kjp\\\/#website\"},\"datePublished\":\"2013-08-21T15:40:30+00:00\",\"dateModified\":\"2018-11-27T10:12:33+00:00\",\"breadcrumb\":{\"@id\":\"https:\\\/\\\/www.allgaiabua.de\\\/kjp\\\/informationen\\\/infos-fuer-eltern\\\/#breadcrumb\"},\"inLanguage\":\"de\",\"potentialAction\":[{\"@type\":\"ReadAction\",\"target\":[\"https:\\\/\\\/www.allgaiabua.de\\\/kjp\\\/informationen\\\/infos-fuer-eltern\\\/\"]}]},{\"@type\":\"BreadcrumbList\",\"@id\":\"https:\\\/\\\/www.allgaiabua.de\\\/kjp\\\/informationen\\\/infos-fuer-eltern\\\/#breadcrumb\",\"itemListElement\":[{\"@type\":\"ListItem\",\"position\":1,\"name\":\"Startseite\",\"item\":\"https:\\\/\\\/www.allgaiabua.de\\\/kjp\\\/\"},{\"@type\":\"ListItem\",\"position\":2,\"name\":\"Informationen\",\"item\":\"https:\\\/\\\/www.allgaiabua.de\\\/kjp\\\/informationen\\\/\"},{\"@type\":\"ListItem\",\"position\":3,\"name\":\"Infos f\u00fcr Eltern\"}]},{\"@type\":\"WebSite\",\"@id\":\"https:\\\/\\\/www.allgaiabua.de\\\/kjp\\\/#website\",\"url\":\"https:\\\/\\\/www.allgaiabua.de\\\/kjp\\\/\",\"name\":\"KJP Oberallg\u00e4u\",\"description\":\"Gemeinschaftspraxis f\u00fcr Kinder- und Jugendpsychiatrie und -psychotherapie Dr. B. Graf | J. Reinlein\",\"potentialAction\":[{\"@type\":\"SearchAction\",\"target\":{\"@type\":\"EntryPoint\",\"urlTemplate\":\"https:\\\/\\\/www.allgaiabua.de\\\/kjp\\\/?s={search_term_string}\"},\"query-input\":{\"@type\":\"PropertyValueSpecification\",\"valueRequired\":true,\"valueName\":\"search_term_string\"}}],\"inLanguage\":\"de\"}]}<\/script>\n<!-- \/ Yoast SEO plugin. -->","yoast_head_json":{"title":"Infos f\u00fcr Eltern - KJP Oberallg\u00e4u","robots":{"index":"noindex","follow":"follow","max-snippet":"max-snippet:-1","max-image-preview":"max-image-preview:large","max-video-preview":"max-video-preview:-1"},"og_locale":"de_DE","og_type":"article","og_title":"Infos f\u00fcr Eltern - KJP Oberallg\u00e4u","og_description":"[vc_row][vc_column][vc_column_text]Infos dazu&#8230; &nbsp; Dabei auch an Attest \u00e0 20,- EUR denken&#8230;[\/vc_column_text][vc_empty_space height=&#8220;30px&#8220;][\/vc_column][\/vc_row]","og_url":"https:\/\/www.allgaiabua.de\/kjp\/informationen\/infos-fuer-eltern\/","og_site_name":"KJP Oberallg\u00e4u","article_modified_time":"2018-11-27T10:12:33+00:00","twitter_card":"summary_large_image","schema":{"@context":"https:\/\/schema.org","@graph":[{"@type":"WebPage","@id":"https:\/\/www.allgaiabua.de\/kjp\/informationen\/infos-fuer-eltern\/","url":"https:\/\/www.allgaiabua.de\/kjp\/informationen\/infos-fuer-eltern\/","name":"Infos f\u00fcr Eltern - KJP Oberallg\u00e4u","isPartOf":{"@id":"https:\/\/www.allgaiabua.de\/kjp\/#website"},"datePublished":"2013-08-21T15:40:30+00:00","dateModified":"2018-11-27T10:12:33+00:00","breadcrumb":{"@id":"https:\/\/www.allgaiabua.de\/kjp\/informationen\/infos-fuer-eltern\/#breadcrumb"},"inLanguage":"de","potentialAction":[{"@type":"ReadAction","target":["https:\/\/www.allgaiabua.de\/kjp\/informationen\/infos-fuer-eltern\/"]}]},{"@type":"BreadcrumbList","@id":"https:\/\/www.allgaiabua.de\/kjp\/informationen\/infos-fuer-eltern\/#breadcrumb","itemListElement":[{"@type":"ListItem","position":1,"name":"Startseite","item":"https:\/\/www.allgaiabua.de\/kjp\/"},{"@type":"ListItem","position":2,"name":"Informationen","item":"https:\/\/www.allgaiabua.de\/kjp\/informationen\/"},{"@type":"ListItem","position":3,"name":"Infos f\u00fcr Eltern"}]},{"@type":"WebSite","@id":"https:\/\/www.allgaiabua.de\/kjp\/#website","url":"https:\/\/www.allgaiabua.de\/kjp\/","name":"KJP Oberallg\u00e4u","description":"Gemeinschaftspraxis f\u00fcr Kinder- und Jugendpsychiatrie und -psychotherapie Dr. B. Graf | J. Reinlein","potentialAction":[{"@type":"SearchAction","target":{"@type":"EntryPoint","urlTemplate":"https:\/\/www.allgaiabua.de\/kjp\/?s={search_term_string}"},"query-input":{"@type":"PropertyValueSpecification","valueRequired":true,"valueName":"search_term_string"}}],"inLanguage":"de"}]}},"_links":{"self":[{"href":"https:\/\/www.allgaiabua.de\/kjp\/wp-json\/wp\/v2\/pages\/41","targetHints":{"allow":["GET"]}}],"collection":[{"href":"https:\/\/www.allgaiabua.de\/kjp\/wp-json\/wp\/v2\/pages"}],"about":[{"href":"https:\/\/www.allgaiabua.de\/kjp\/wp-json\/wp\/v2\/types\/page"}],"author":[{"embeddable":true,"href":"https:\/\/www.allgaiabua.de\/kjp\/wp-json\/wp\/v2\/users\/3"}],"replies":[{"embeddable":true,"href":"https:\/\/www.allgaiabua.de\/kjp\/wp-json\/wp\/v2\/comments?post=41"}],"version-history":[{"count":0,"href":"https:\/\/www.allgaiabua.de\/kjp\/wp-json\/wp\/v2\/pages\/41\/revisions"}],"up":[{"embeddable":true,"href":"https:\/\/www.allgaiabua.de\/kjp\/wp-json\/wp\/v2\/pages\/37"}],"wp:attachment":[{"href":"https:\/\/www.allgaiabua.de\/kjp\/wp-json\/wp\/v2\/media?parent=41"}],"curies":[{"name":"wp","href":"https:\/\/api.w.org\/{rel}","templated":true}]}}