{"id":271,"date":"2013-10-11T15:54:50","date_gmt":"2013-10-11T13:54:50","guid":{"rendered":"http:\/\/www.allgaiabua.de\/kjp\/?page_id=271"},"modified":"2018-11-20T12:41:34","modified_gmt":"2018-11-20T10:41:34","slug":"impressum","status":"publish","type":"page","link":"https:\/\/www.allgaiabua.de\/kjp\/impressum\/","title":{"rendered":"Impressum"},"content":{"rendered":"<div class=\"wpb-content-wrapper\"><p>[vc_row][vc_column][vc_column_text]<\/p>\n<h2>Angaben gem\u00e4\u00df \u00a7 5 TMG<\/h2>\n<p><b>Praxis f\u00fcr Kinder- und Jugendpsychiatrie und -psychotherapie Joachim A. Reinlein<\/b><br \/>\nVertreten durch Joachim Andreas Reinlein<br \/>\nRothenfelsstr. 1<br \/>\nD-87509 Immenstadt<\/p>\n<h2>Kontakt<\/h2>\n<p>Tel. +49 (0)8323 9897110<br \/>\nFax +49 (0)8323 9897113<br \/>\nEmail <a href=\"mailto:p&#114;a&#120;i&#115;&#064;&#107;j&#112;-obera&#108;l&#103;a&#101;&#117;&#046;de\">p&#114;a&#120;i&#115;&#064;&#107;j&#112;-obera&#108;l&#103;a&#101;&#117;&#046;de<\/a><\/p>\n<h2>Aufsichtsbeh\u00f6rde<\/h2>\n<p><b>Kassen\u00e4rztliche Vereinigung Bayerns<\/b><br \/>\nElsenheimerstra\u00dfe 39<br \/>\n80687 M\u00fcnchen<\/p>\n<p><a href=\"https:\/\/www.kvb.de\" target=\"_blank\" rel=\"noopener noreferrer\">www.kvb.de<\/a><\/p>\n<h2>Berufsbezeichnung und berufsrechtliche Regelungen<\/h2>\n<p>Berufsbezeichnung: Facharzt f\u00fcr Kinder- und Jugendpsychiatrie und -psychotherapie<br \/>\nBerufsbezeichnung verliehen in der Bundesrepublik Deutschland<br \/>\nZust\u00e4ndige Kammer: Bayerische Landes\u00e4rztekammer, K\u00f6rperschaft des \u00f6ffentlichen Rechts<br \/>\nDie berufsrechtlichen Regelungen sind \u00fcber die Internetseiten der Bayerischen Landes\u00e4rztekammer zug\u00e4nglich. Regelungen einsebhar unter <a href=\"http:\/\/www.blaek.de\" target=\"_blank\" rel=\"noopener noreferrer\">www.blaek.de<\/a><\/p>\n<h2>Angaben zur Berufshaftpflichtversicherung<\/h2>\n<p><b>Name und Sitz des Versicherers:<\/b><br \/>\nXY Gesellschaft<br \/>\nZYX-Str. 123<br \/>\n12345 XYZstadt<\/p>\n<p><b>Geltungsraum der Versicherung:<\/b><br \/>\nDeutschland<\/p>\n<p>Wir sind nicht bereit oder verpflichtet, an Streitbeilegungsverfahren vor einer Verbraucherschlichtungsstelle teilzunehmen.<\/p>\n<h2>Haftung f\u00fcr Inhalte<\/h2>\n<p>Als Diensteanbieter sind wir gem\u00e4\u00df \u00a7 7 Abs.1 TMG f\u00fcr eigene Inhalte auf diesen Seiten nach den allgemeinen Gesetzen verantwortlich. Nach \u00a7\u00a7 8 bis 10 TMG sind wir als Diensteanbieter jedoch nicht verpflichtet, \u00fcbermittelte oder gespeicherte fremde Informationen zu \u00fcberwachen oder nach Umst\u00e4nden zu forschen, die auf eine rechtswidrige T\u00e4tigkeit hinweisen.<\/p>\n<p>Verpflichtungen zur Entfernung oder Sperrung der Nutzung von Informationen nach den allgemeinen Gesetzen bleiben hiervon unber\u00fchrt. Eine diesbez\u00fcgliche Haftung ist jedoch erst ab dem Zeitpunkt der Kenntnis einer konkreten Rechtsverletzung m\u00f6glich. Bei Bekanntwerden von entsprechenden Rechtsverletzungen werden wir diese Inhalte umgehend entfernen.<\/p>\n<h2>Haftung f\u00fcr Links<\/h2>\n<p>Unser Angebot enth\u00e4lt Links zu externen Websites Dritter, auf deren Inhalte wir keinen Einfluss haben. Deshalb k\u00f6nnen wir f\u00fcr diese fremden Inhalte auch keine Gew\u00e4hr \u00fcbernehmen. F\u00fcr die Inhalte der verlinkten Seiten ist stets der jeweilige Anbieter oder Betreiber der Seiten verantwortlich. Die verlinkten Seiten wurden zum Zeitpunkt der Verlinkung auf m\u00f6gliche Rechtsverst\u00f6\u00dfe \u00fcberpr\u00fcft. Rechtswidrige Inhalte waren zum Zeitpunkt der Verlinkung nicht erkennbar.<\/p>\n<p>Eine permanente inhaltliche Kontrolle der verlinkten Seiten ist jedoch ohne konkrete Anhaltspunkte einer Rechtsverletzung nicht zumutbar. Bei Bekanntwerden von Rechtsverletzungen werden wir derartige Links umgehend entfernen.<\/p>\n<h2>Urheberrecht<\/h2>\n<p>Die durch die Seitenbetreiber erstellten Inhalte und Werke auf diesen Seiten unterliegen dem deutschen Urheberrecht. Die Vervielf\u00e4ltigung, Bearbeitung, Verbreitung und jede Art der Verwertung au\u00dferhalb der Grenzen des Urheberrechtes bed\u00fcrfen der schriftlichen Zustimmung des jeweiligen Autors bzw. Erstellers. Downloads und Kopien dieser Seite sind nur f\u00fcr den privaten, nicht kommerziellen Gebrauch gestattet.<\/p>\n<p>Soweit die Inhalte auf dieser Seite nicht vom Betreiber erstellt wurden, werden die Urheberrechte Dritter beachtet. Insbesondere werden Inhalte Dritter als solche gekennzeichnet. Sollten Sie trotzdem auf eine Urheberrechtsverletzung aufmerksam werden, bitten wir um einen entsprechenden Hinweis. Bei Bekanntwerden von Rechtsverletzungen werden wir derartige Inhalte umgehend entfernen.<\/p>\n<h3>Bildnachweise:<\/h3>\n<p>XXXXXX<br \/>\nXXXXX<br \/>\nXXXXXXX[\/vc_column_text][\/vc_column][\/vc_row][vc_row][vc_column][vc_empty_space height=&#8220;40px&#8220;][\/vc_column][\/vc_row]<\/p>\n<\/div>","protected":false},"excerpt":{"rendered":"<p>[vc_row][vc_column][vc_column_text] Angaben gem\u00e4\u00df \u00a7 5 TMG Praxis f\u00fcr Kinder- und Jugendpsychiatrie und -psychotherapie Joachim A. Reinlein Vertreten durch Joachim Andreas Reinlein Rothenfelsstr. 1 D-87509 Immenstadt Kontakt Tel. +49 (0)8323 9897110<span class=\"excerpt-hellip\"> [\u2026]<\/span><\/p>\n","protected":false},"author":3,"featured_media":0,"parent":0,"menu_order":20,"comment_status":"closed","ping_status":"closed","template":"","meta":{"footnotes":""},"class_list":["post-271","page","type-page","status-publish","hentry"],"yoast_head":"<!-- This site is optimized with the Yoast SEO plugin v27.5 - https:\/\/yoast.com\/product\/yoast-seo-wordpress\/ -->\n<title>Impressum - KJP Oberallg\u00e4u<\/title>\n<meta name=\"robots\" content=\"noindex, follow, max-snippet:-1, max-image-preview:large, max-video-preview:-1\" \/>\n<meta property=\"og:locale\" content=\"de_DE\" \/>\n<meta property=\"og:type\" content=\"article\" \/>\n<meta property=\"og:title\" content=\"Impressum - KJP Oberallg\u00e4u\" \/>\n<meta property=\"og:description\" content=\"[vc_row][vc_column][vc_column_text] Angaben gem\u00e4\u00df \u00a7 5 TMG Praxis f\u00fcr Kinder- und Jugendpsychiatrie und -psychotherapie Joachim A. Reinlein Vertreten durch Joachim Andreas Reinlein Rothenfelsstr. 1 D-87509 Immenstadt Kontakt Tel. +49 (0)8323 9897110 [\u2026]\" \/>\n<meta property=\"og:url\" content=\"https:\/\/www.allgaiabua.de\/kjp\/impressum\/\" \/>\n<meta property=\"og:site_name\" content=\"KJP Oberallg\u00e4u\" \/>\n<meta property=\"article:modified_time\" content=\"2018-11-20T10:41:34+00:00\" \/>\n<meta name=\"twitter:card\" content=\"summary_large_image\" \/>\n<meta name=\"twitter:label1\" content=\"Gesch\u00e4tzte Lesezeit\" \/>\n\t<meta name=\"twitter:data1\" content=\"2\u00a0Minuten\" \/>\n<script type=\"application\/ld+json\" class=\"yoast-schema-graph\">{\"@context\":\"https:\\\/\\\/schema.org\",\"@graph\":[{\"@type\":\"WebPage\",\"@id\":\"https:\\\/\\\/www.allgaiabua.de\\\/kjp\\\/impressum\\\/\",\"url\":\"https:\\\/\\\/www.allgaiabua.de\\\/kjp\\\/impressum\\\/\",\"name\":\"Impressum - KJP Oberallg\u00e4u\",\"isPartOf\":{\"@id\":\"https:\\\/\\\/www.allgaiabua.de\\\/kjp\\\/#website\"},\"datePublished\":\"2013-10-11T13:54:50+00:00\",\"dateModified\":\"2018-11-20T10:41:34+00:00\",\"breadcrumb\":{\"@id\":\"https:\\\/\\\/www.allgaiabua.de\\\/kjp\\\/impressum\\\/#breadcrumb\"},\"inLanguage\":\"de\",\"potentialAction\":[{\"@type\":\"ReadAction\",\"target\":[\"https:\\\/\\\/www.allgaiabua.de\\\/kjp\\\/impressum\\\/\"]}]},{\"@type\":\"BreadcrumbList\",\"@id\":\"https:\\\/\\\/www.allgaiabua.de\\\/kjp\\\/impressum\\\/#breadcrumb\",\"itemListElement\":[{\"@type\":\"ListItem\",\"position\":1,\"name\":\"Startseite\",\"item\":\"https:\\\/\\\/www.allgaiabua.de\\\/kjp\\\/\"},{\"@type\":\"ListItem\",\"position\":2,\"name\":\"Impressum\"}]},{\"@type\":\"WebSite\",\"@id\":\"https:\\\/\\\/www.allgaiabua.de\\\/kjp\\\/#website\",\"url\":\"https:\\\/\\\/www.allgaiabua.de\\\/kjp\\\/\",\"name\":\"KJP Oberallg\u00e4u\",\"description\":\"Gemeinschaftspraxis f\u00fcr Kinder- und Jugendpsychiatrie und -psychotherapie Dr. B. Graf | J. Reinlein\",\"potentialAction\":[{\"@type\":\"SearchAction\",\"target\":{\"@type\":\"EntryPoint\",\"urlTemplate\":\"https:\\\/\\\/www.allgaiabua.de\\\/kjp\\\/?s={search_term_string}\"},\"query-input\":{\"@type\":\"PropertyValueSpecification\",\"valueRequired\":true,\"valueName\":\"search_term_string\"}}],\"inLanguage\":\"de\"}]}<\/script>\n<!-- \/ Yoast SEO plugin. -->","yoast_head_json":{"title":"Impressum - KJP Oberallg\u00e4u","robots":{"index":"noindex","follow":"follow","max-snippet":"max-snippet:-1","max-image-preview":"max-image-preview:large","max-video-preview":"max-video-preview:-1"},"og_locale":"de_DE","og_type":"article","og_title":"Impressum - KJP Oberallg\u00e4u","og_description":"[vc_row][vc_column][vc_column_text] Angaben gem\u00e4\u00df \u00a7 5 TMG Praxis f\u00fcr Kinder- und Jugendpsychiatrie und -psychotherapie Joachim A. Reinlein Vertreten durch Joachim Andreas Reinlein Rothenfelsstr. 1 D-87509 Immenstadt Kontakt Tel. +49 (0)8323 9897110 [\u2026]","og_url":"https:\/\/www.allgaiabua.de\/kjp\/impressum\/","og_site_name":"KJP Oberallg\u00e4u","article_modified_time":"2018-11-20T10:41:34+00:00","twitter_card":"summary_large_image","twitter_misc":{"Gesch\u00e4tzte Lesezeit":"2\u00a0Minuten"},"schema":{"@context":"https:\/\/schema.org","@graph":[{"@type":"WebPage","@id":"https:\/\/www.allgaiabua.de\/kjp\/impressum\/","url":"https:\/\/www.allgaiabua.de\/kjp\/impressum\/","name":"Impressum - KJP Oberallg\u00e4u","isPartOf":{"@id":"https:\/\/www.allgaiabua.de\/kjp\/#website"},"datePublished":"2013-10-11T13:54:50+00:00","dateModified":"2018-11-20T10:41:34+00:00","breadcrumb":{"@id":"https:\/\/www.allgaiabua.de\/kjp\/impressum\/#breadcrumb"},"inLanguage":"de","potentialAction":[{"@type":"ReadAction","target":["https:\/\/www.allgaiabua.de\/kjp\/impressum\/"]}]},{"@type":"BreadcrumbList","@id":"https:\/\/www.allgaiabua.de\/kjp\/impressum\/#breadcrumb","itemListElement":[{"@type":"ListItem","position":1,"name":"Startseite","item":"https:\/\/www.allgaiabua.de\/kjp\/"},{"@type":"ListItem","position":2,"name":"Impressum"}]},{"@type":"WebSite","@id":"https:\/\/www.allgaiabua.de\/kjp\/#website","url":"https:\/\/www.allgaiabua.de\/kjp\/","name":"KJP Oberallg\u00e4u","description":"Gemeinschaftspraxis f\u00fcr Kinder- und Jugendpsychiatrie und -psychotherapie Dr. B. Graf | J. Reinlein","potentialAction":[{"@type":"SearchAction","target":{"@type":"EntryPoint","urlTemplate":"https:\/\/www.allgaiabua.de\/kjp\/?s={search_term_string}"},"query-input":{"@type":"PropertyValueSpecification","valueRequired":true,"valueName":"search_term_string"}}],"inLanguage":"de"}]}},"_links":{"self":[{"href":"https:\/\/www.allgaiabua.de\/kjp\/wp-json\/wp\/v2\/pages\/271","targetHints":{"allow":["GET"]}}],"collection":[{"href":"https:\/\/www.allgaiabua.de\/kjp\/wp-json\/wp\/v2\/pages"}],"about":[{"href":"https:\/\/www.allgaiabua.de\/kjp\/wp-json\/wp\/v2\/types\/page"}],"author":[{"embeddable":true,"href":"https:\/\/www.allgaiabua.de\/kjp\/wp-json\/wp\/v2\/users\/3"}],"replies":[{"embeddable":true,"href":"https:\/\/www.allgaiabua.de\/kjp\/wp-json\/wp\/v2\/comments?post=271"}],"version-history":[{"count":0,"href":"https:\/\/www.allgaiabua.de\/kjp\/wp-json\/wp\/v2\/pages\/271\/revisions"}],"wp:attachment":[{"href":"https:\/\/www.allgaiabua.de\/kjp\/wp-json\/wp\/v2\/media?parent=271"}],"curies":[{"name":"wp","href":"https:\/\/api.w.org\/{rel}","templated":true}]}}